{"id":11852,"date":"2025-06-05T14:35:47","date_gmt":"2025-06-05T18:35:47","guid":{"rendered":"https:\/\/www.puralibertad.org\/?post_type=product&#038;p=11852"},"modified":"2025-06-05T15:38:36","modified_gmt":"2025-06-05T19:38:36","slug":"webinar-para-padres","status":"publish","type":"product","link":"https:\/\/www.puralibertad.org\/es\/producto\/webinar-para-padres\/","title":{"rendered":"Webinar para Padres &#8211; Lo que el cansancio est\u00e1 haciendo en tu familia y no lo sab\u00edas"},"content":{"rendered":"<p><strong>\u00bfTe has sentido agotado sin entender c\u00f3mo eso est\u00e1 afectando a tu hogar?<\/strong><\/p>\n<p>Este webinar fue dise\u00f1ado especialmente para padres y madres que quieren comprender el impacto emocional, espiritual y relacional del cansancio en la crianza. Acompa\u00f1a a la psic\u00f3loga cl\u00ednica Marlene Luna mientras explora principios b\u00edblicos, se\u00f1ales de alerta y consejos pr\u00e1cticos para redescubrir el descanso que transforma familias.<\/p>\n<p>\ud83c\udfa5 Grabaci\u00f3n disponible por tiempo limitado<br \/>\n\ud83d\udc68\u200d\ud83d\udc69\u200d\ud83d\udc67 Para padres, madres, tutores y l\u00edderes familiares<br \/>\n\ud83d\udc96 Recurso exclusivo de Chica Verdadera<\/p>\n<p>Este contenido no puede ser difundido sin consentimiento previo del ministerio.<\/p>","protected":false},"excerpt":{"rendered":"excerpt","protected":false},"featured_media":11853,"comment_status":"open","ping_status":"closed","template":"","meta":{"_mi_skip_tracking":false,"_monsterinsights_sitenote_active":false,"_monsterinsights_sitenote_note":"","_monsterinsights_sitenote_category":0,"episode_type":"","audio_file":"","cover_image":"","cover_image_id":"","duration":"","filesize":"","date_recorded":"","explicit":"","block":"","filesize_raw":""},"product_cat":[83],"product_tag":[],"yoast_head":"<!-- This site is optimized with the Yoast SEO plugin v21.3 - https:\/\/yoast.com\/wordpress\/plugins\/seo\/ -->\n<title>Webinar para Padres - Lo que el cansancio est\u00e1 haciendo en tu familia y no lo sab\u00edas - PURA LIBERTAD PURA LIBERTAD<\/title>\n<meta name=\"description\" content=\"Descubre c\u00f3mo el cansancio afecta a tu familia y lo que Dios ense\u00f1a sobre el descanso. Accede a la grabaci\u00f3n de este webinar para padres y madres.\" \/>\n<meta name=\"robots\" content=\"index, follow, max-snippet:-1, max-image-preview:large, max-video-preview:-1\" \/>\n<link rel=\"canonical\" href=\"https:\/\/www.puralibertad.org\/es\/producto\/webinar-para-padres\/\" \/>\n<meta property=\"og:locale\" content=\"es_ES\" \/>\n<meta property=\"og:type\" content=\"article\" \/>\n<meta property=\"og:title\" content=\"\u00bfEl cansancio ha tocado tu hogar? \u00a1Esta grabaci\u00f3n es para ti!\" \/>\n<meta property=\"og:description\" content=\"Accede a este webinar con Marlene Luna y descubre c\u00f3mo el cansancio afecta a tus hijos y lo que Dios nos ense\u00f1a sobre el descanso familiar.\" \/>\n<meta property=\"og:url\" content=\"https:\/\/www.puralibertad.org\/es\/producto\/webinar-para-padres\/\" \/>\n<meta property=\"og:site_name\" content=\"PURA LIBERTAD\" \/>\n<meta property=\"article:modified_time\" content=\"2025-06-05T19:38:36+00:00\" \/>\n<meta property=\"og:image\" content=\"https:\/\/www.puralibertad.org\/wp-content\/uploads\/2025\/06\/Webinar-virtual-Lo-que-el-Cansancio-esta-haciendo-en-tu-familia.png\" \/>\n\t<meta property=\"og:image:width\" content=\"1080\" \/>\n\t<meta property=\"og:image:height\" content=\"1080\" \/>\n\t<meta property=\"og:image:type\" content=\"image\/png\" \/>\n<meta name=\"twitter:card\" content=\"summary_large_image\" \/>\n<meta name=\"twitter:title\" content=\"\u00bfEl cansancio ha tocado tu hogar? \u00a1Esta grabaci\u00f3n es para ti!\" \/>\n<meta name=\"twitter:description\" content=\"Accede a este webinar con Marlene Luna y descubre c\u00f3mo el cansancio afecta a tus hijos y lo que Dios nos ense\u00f1a sobre el descanso familiar.\" \/>\n<meta name=\"twitter:image\" content=\"https:\/\/www.puralibertad.org\/wp-content\/uploads\/2025\/06\/Webinar-virtual-Lo-que-el-Cansancio-esta-haciendo-en-tu-familia.png\" \/>\n<meta name=\"twitter:label1\" content=\"Tiempo de lectura\" \/>\n\t<meta name=\"twitter:data1\" content=\"1 minuto\" \/>\n<script type=\"application\/ld+json\" class=\"yoast-schema-graph\">{\"@context\":\"https:\/\/schema.org\",\"@graph\":[{\"@type\":\"WebPage\",\"@id\":\"https:\/\/www.puralibertad.org\/product\/webinar-para-padres\/\",\"url\":\"https:\/\/www.puralibertad.org\/product\/webinar-para-padres\/\",\"name\":\"Webinar para Padres - Lo que el cansancio est\u00e1 haciendo en tu familia y no lo sab\u00edas - PURA LIBERTAD PURA LIBERTAD\",\"isPartOf\":{\"@id\":\"https:\/\/www.puralibertad.org\/#website\"},\"datePublished\":\"2025-06-05T18:35:47+00:00\",\"dateModified\":\"2025-06-05T19:38:36+00:00\",\"description\":\"Descubre c\u00f3mo el cansancio afecta a tu familia y lo que Dios ense\u00f1a sobre el descanso. Accede a la grabaci\u00f3n de este webinar para padres y madres.\",\"breadcrumb\":{\"@id\":\"https:\/\/www.puralibertad.org\/product\/webinar-para-padres\/#breadcrumb\"},\"inLanguage\":\"es\",\"potentialAction\":[{\"@type\":\"ReadAction\",\"target\":[\"https:\/\/www.puralibertad.org\/product\/webinar-para-padres\/\"]}]},{\"@type\":\"BreadcrumbList\",\"@id\":\"https:\/\/www.puralibertad.org\/product\/webinar-para-padres\/#breadcrumb\",\"itemListElement\":[{\"@type\":\"ListItem\",\"position\":1,\"name\":\"Home\",\"item\":\"https:\/\/www.puralibertad.org\/\"},{\"@type\":\"ListItem\",\"position\":2,\"name\":\"Webinar para Padres &#8211; Lo que el cansancio est\u00e1 haciendo en tu familia y no lo sab\u00edas\"}]},{\"@type\":\"WebSite\",\"@id\":\"https:\/\/www.puralibertad.org\/#website\",\"url\":\"https:\/\/www.puralibertad.org\/\",\"name\":\"PURA LIBERTAD\",\"description\":\"Blog\",\"potentialAction\":[{\"@type\":\"SearchAction\",\"target\":{\"@type\":\"EntryPoint\",\"urlTemplate\":\"https:\/\/www.puralibertad.org\/?s={search_term_string}\"},\"query-input\":\"required name=search_term_string\"}],\"inLanguage\":\"es\"}]}<\/script>\n<!-- \/ Yoast SEO plugin. -->","yoast_head_json":{"title":"Webinar para Padres - Lo que el cansancio est\u00e1 haciendo en tu familia y no lo sab\u00edas - PURA LIBERTAD PURA LIBERTAD","description":"Descubre c\u00f3mo el cansancio afecta a tu familia y lo que Dios ense\u00f1a sobre el descanso. Accede a la grabaci\u00f3n de este webinar para padres y madres.","robots":{"index":"index","follow":"follow","max-snippet":"max-snippet:-1","max-image-preview":"max-image-preview:large","max-video-preview":"max-video-preview:-1"},"canonical":"https:\/\/www.puralibertad.org\/es\/producto\/webinar-para-padres\/","og_locale":"es_ES","og_type":"article","og_title":"\u00bfEl cansancio ha tocado tu hogar? \u00a1Esta grabaci\u00f3n es para ti!","og_description":"Accede a este webinar con Marlene Luna y descubre c\u00f3mo el cansancio afecta a tus hijos y lo que Dios nos ense\u00f1a sobre el descanso familiar.","og_url":"https:\/\/www.puralibertad.org\/es\/producto\/webinar-para-padres\/","og_site_name":"PURA LIBERTAD","article_modified_time":"2025-06-05T19:38:36+00:00","og_image":[{"width":1080,"height":1080,"url":"https:\/\/www.puralibertad.org\/wp-content\/uploads\/2025\/06\/Webinar-virtual-Lo-que-el-Cansancio-esta-haciendo-en-tu-familia.png","type":"image\/png"}],"twitter_card":"summary_large_image","twitter_title":"\u00bfEl cansancio ha tocado tu hogar? \u00a1Esta grabaci\u00f3n es para ti!","twitter_description":"Accede a este webinar con Marlene Luna y descubre c\u00f3mo el cansancio afecta a tus hijos y lo que Dios nos ense\u00f1a sobre el descanso familiar.","twitter_image":"https:\/\/www.puralibertad.org\/wp-content\/uploads\/2025\/06\/Webinar-virtual-Lo-que-el-Cansancio-esta-haciendo-en-tu-familia.png","twitter_misc":{"Tiempo de lectura":"1 minuto"},"schema":{"@context":"https:\/\/schema.org","@graph":[{"@type":"WebPage","@id":"https:\/\/www.puralibertad.org\/product\/webinar-para-padres\/","url":"https:\/\/www.puralibertad.org\/product\/webinar-para-padres\/","name":"Webinar para Padres - Lo que el cansancio est\u00e1 haciendo en tu familia y no lo sab\u00edas - PURA LIBERTAD PURA LIBERTAD","isPartOf":{"@id":"https:\/\/www.puralibertad.org\/#website"},"datePublished":"2025-06-05T18:35:47+00:00","dateModified":"2025-06-05T19:38:36+00:00","description":"Descubre c\u00f3mo el cansancio afecta a tu familia y lo que Dios ense\u00f1a sobre el descanso. Accede a la grabaci\u00f3n de este webinar para padres y madres.","breadcrumb":{"@id":"https:\/\/www.puralibertad.org\/product\/webinar-para-padres\/#breadcrumb"},"inLanguage":"es","potentialAction":[{"@type":"ReadAction","target":["https:\/\/www.puralibertad.org\/product\/webinar-para-padres\/"]}]},{"@type":"BreadcrumbList","@id":"https:\/\/www.puralibertad.org\/product\/webinar-para-padres\/#breadcrumb","itemListElement":[{"@type":"ListItem","position":1,"name":"Home","item":"https:\/\/www.puralibertad.org\/"},{"@type":"ListItem","position":2,"name":"Webinar para Padres &#8211; Lo que el cansancio est\u00e1 haciendo en tu familia y no lo sab\u00edas"}]},{"@type":"WebSite","@id":"https:\/\/www.puralibertad.org\/#website","url":"https:\/\/www.puralibertad.org\/","name":"PURA LIBERTAD","description":"Blog","potentialAction":[{"@type":"SearchAction","target":{"@type":"EntryPoint","urlTemplate":"https:\/\/www.puralibertad.org\/?s={search_term_string}"},"query-input":"required name=search_term_string"}],"inLanguage":"es"}]}},"jetpack_sharing_enabled":true,"_links":{"self":[{"href":"https:\/\/www.puralibertad.org\/es\/wp-json\/wp\/v2\/product\/11852"}],"collection":[{"href":"https:\/\/www.puralibertad.org\/es\/wp-json\/wp\/v2\/product"}],"about":[{"href":"https:\/\/www.puralibertad.org\/es\/wp-json\/wp\/v2\/types\/product"}],"replies":[{"embeddable":true,"href":"https:\/\/www.puralibertad.org\/es\/wp-json\/wp\/v2\/comments?post=11852"}],"wp:featuredmedia":[{"embeddable":true,"href":"https:\/\/www.puralibertad.org\/es\/wp-json\/wp\/v2\/media\/11853"}],"wp:attachment":[{"href":"https:\/\/www.puralibertad.org\/es\/wp-json\/wp\/v2\/media?parent=11852"}],"wp:term":[{"taxonomy":"product_cat","embeddable":true,"href":"https:\/\/www.puralibertad.org\/es\/wp-json\/wp\/v2\/product_cat?post=11852"},{"taxonomy":"product_tag","embeddable":true,"href":"https:\/\/www.puralibertad.org\/es\/wp-json\/wp\/v2\/product_tag?post=11852"}],"curies":[{"name":"wp","href":"https:\/\/api.w.org\/{rel}","templated":true}]}}