{"id":7014,"date":"2022-04-22T20:19:06","date_gmt":"2022-04-23T00:19:06","guid":{"rendered":"https:\/\/www.puralibertad.org\/?post_type=product&#038;p=7014"},"modified":"2024-03-09T01:20:04","modified_gmt":"2024-03-09T05:20:04","slug":"rut-convirtiendote-en-una-chica-leal","status":"publish","type":"product","link":"https:\/\/www.puralibertad.org\/es\/producto\/rut-convirtiendote-en-una-chica-leal\/","title":{"rendered":"Rut: Convirti\u00e9ndote en una Chica Leal"},"content":{"rendered":"<p><strong>Prepara a tu hija contra las falsas doctrinas, ense\u00f1\u00e1ndole a estudiar la Biblia en su contexto original antes de los 13 a\u00f1os.<\/strong><\/p>\n<p>Lee la introducci\u00f3n del libro aqu\u00ed: <a href=\"https:\/\/bit.ly\/3vlFTCh\" target=\"_blank\" rel=\"noreferrer noopener\">https:\/\/intro_libroderut<\/a><\/p>\n<p>\ud83d\udd0eEstudiar\u00e1 el libro de Rut verso-por-verso en la NTV.<\/p>\n<p>\ud83d\ude4f\ud83c\udffcAprender\u00e1 lecciones sobre c\u00f3mo responder con madurez espiritual a las desilusiones y el dolor en su vida.<\/p>\n<p>\ud83d\udcacAcceder\u00e1 a 6 estudios virtuales madre e hija en vivo para fortalecer su comunicaci\u00f3n.<\/p>\n<p>&nbsp;<\/p>\n<p>*S\u00f3lo disponible en formato digital<\/p>\n<p>*El e-book se adquiere junto al acceso de estudio virtual.<\/p>\n<div class=\"pvc_clear\"><\/div>\n<p class=\"pvc_stats all\" data-element-id=\"7014\" style=\"\"><i class=\"pvc-stats-icon medium\" aria-hidden=\"true\"><svg aria-hidden=\"true\" focusable=\"false\" data-prefix=\"far\" data-icon=\"chart-bar\" role=\"img\" xmlns=\"http:\/\/www.w3.org\/2000\/svg\" viewbox=\"0 0 512 512\" class=\"svg-inline--fa fa-chart-bar fa-w-16 fa-2x\"><path fill=\"currentColor\" d=\"M396.8 352h22.4c6.4 0 12.8-6.4 12.8-12.8V108.8c0-6.4-6.4-12.8-12.8-12.8h-22.4c-6.4 0-12.8 6.4-12.8 12.8v230.4c0 6.4 6.4 12.8 12.8 12.8zm-192 0h22.4c6.4 0 12.8-6.4 12.8-12.8V140.8c0-6.4-6.4-12.8-12.8-12.8h-22.4c-6.4 0-12.8 6.4-12.8 12.8v198.4c0 6.4 6.4 12.8 12.8 12.8zm96 0h22.4c6.4 0 12.8-6.4 12.8-12.8V204.8c0-6.4-6.4-12.8-12.8-12.8h-22.4c-6.4 0-12.8 6.4-12.8 12.8v134.4c0 6.4 6.4 12.8 12.8 12.8zM496 400H48V80c0-8.84-7.16-16-16-16H16C7.16 64 0 71.16 0 80v336c0 17.67 14.33 32 32 32h464c8.84 0 16-7.16 16-16v-16c0-8.84-7.16-16-16-16zm-387.2-48h22.4c6.4 0 12.8-6.4 12.8-12.8v-70.4c0-6.4-6.4-12.8-12.8-12.8h-22.4c-6.4 0-12.8 6.4-12.8 12.8v70.4c0 6.4 6.4 12.8 12.8 12.8z\" class=\"\"><\/path><\/svg><\/i> &nbsp;12,308&nbsp;total views, &nbsp;12&nbsp;views today<\/p>\n<div class=\"pvc_clear\"><\/div>","protected":false},"excerpt":{"rendered":"excerpt","protected":false},"featured_media":7021,"comment_status":"open","ping_status":"closed","template":"","meta":{"_mi_skip_tracking":false,"_monsterinsights_sitenote_active":false,"_monsterinsights_sitenote_note":"","_monsterinsights_sitenote_category":0,"episode_type":"","audio_file":"","cover_image":"","cover_image_id":"","duration":"","filesize":"","date_recorded":"","explicit":"","block":"","filesize_raw":""},"product_cat":[71],"product_tag":[70],"yoast_head":"<!-- This site is optimized with the Yoast SEO plugin v21.3 - https:\/\/yoast.com\/wordpress\/plugins\/seo\/ -->\n<title>Rut: Convirti\u00e9ndote en una Chica Leal - PURA LIBERTAD<\/title>\n<meta name=\"robots\" content=\"index, follow, max-snippet:-1, max-image-preview:large, max-video-preview:-1\" \/>\n<link rel=\"canonical\" href=\"https:\/\/www.puralibertad.org\/es\/producto\/rut-convirtiendote-en-una-chica-leal\/\" \/>\n<meta property=\"og:locale\" content=\"es_ES\" \/>\n<meta property=\"og:type\" content=\"article\" \/>\n<meta property=\"og:title\" content=\"Rut: Convirti\u00e9ndote en una Chica Leal - PURA LIBERTAD\" \/>\n<meta property=\"og:description\" content=\"Prepara a tu hija contra las falsas doctrinas, ense\u00f1\u00e1ndole a estudiar la Biblia en su contexto original antes de los 13 a\u00f1os. Lee la introducci\u00f3n del libro aqu\u00ed: https:\/\/intro_libroderut \ud83d\udd0eEstudiar\u00e1 el libro de Rut verso-por-verso en la NTV. \ud83d\ude4f\ud83c\udffcAprender\u00e1 lecciones sobre c\u00f3mo responder con madurez espiritual a las desilusiones y el dolor en su vida.\" \/>\n<meta property=\"og:url\" content=\"https:\/\/www.puralibertad.org\/es\/producto\/rut-convirtiendote-en-una-chica-leal\/\" \/>\n<meta property=\"og:site_name\" content=\"PURA LIBERTAD\" \/>\n<meta property=\"article:modified_time\" content=\"2024-03-09T05:20:04+00:00\" \/>\n<meta property=\"og:image\" content=\"https:\/\/www.puralibertad.org\/wp-content\/uploads\/2022\/04\/Untitled-design-5.png\" \/>\n\t<meta property=\"og:image:width\" content=\"1080\" \/>\n\t<meta property=\"og:image:height\" content=\"1080\" \/>\n\t<meta property=\"og:image:type\" content=\"image\/png\" \/>\n<meta name=\"twitter:card\" content=\"summary_large_image\" \/>\n<meta name=\"twitter:label1\" content=\"Tiempo de lectura\" \/>\n\t<meta name=\"twitter:data1\" content=\"1 minuto\" \/>\n<script type=\"application\/ld+json\" class=\"yoast-schema-graph\">{\"@context\":\"https:\/\/schema.org\",\"@graph\":[{\"@type\":\"WebPage\",\"@id\":\"https:\/\/www.puralibertad.org\/product\/rut-convirtiendote-en-una-chica-leal\/\",\"url\":\"https:\/\/www.puralibertad.org\/product\/rut-convirtiendote-en-una-chica-leal\/\",\"name\":\"Rut: Convirti\u00e9ndote en una Chica Leal - PURA LIBERTAD\",\"isPartOf\":{\"@id\":\"https:\/\/www.puralibertad.org\/#website\"},\"datePublished\":\"2022-04-23T00:19:06+00:00\",\"dateModified\":\"2024-03-09T05:20:04+00:00\",\"breadcrumb\":{\"@id\":\"https:\/\/www.puralibertad.org\/product\/rut-convirtiendote-en-una-chica-leal\/#breadcrumb\"},\"inLanguage\":\"es\",\"potentialAction\":[{\"@type\":\"ReadAction\",\"target\":[\"https:\/\/www.puralibertad.org\/product\/rut-convirtiendote-en-una-chica-leal\/\"]}]},{\"@type\":\"BreadcrumbList\",\"@id\":\"https:\/\/www.puralibertad.org\/product\/rut-convirtiendote-en-una-chica-leal\/#breadcrumb\",\"itemListElement\":[{\"@type\":\"ListItem\",\"position\":1,\"name\":\"Home\",\"item\":\"https:\/\/www.puralibertad.org\/\"},{\"@type\":\"ListItem\",\"position\":2,\"name\":\"Rut: Convirti\u00e9ndote en una Chica Leal\"}]},{\"@type\":\"WebSite\",\"@id\":\"https:\/\/www.puralibertad.org\/#website\",\"url\":\"https:\/\/www.puralibertad.org\/\",\"name\":\"PURA LIBERTAD\",\"description\":\"Blog\",\"potentialAction\":[{\"@type\":\"SearchAction\",\"target\":{\"@type\":\"EntryPoint\",\"urlTemplate\":\"https:\/\/www.puralibertad.org\/?s={search_term_string}\"},\"query-input\":\"required name=search_term_string\"}],\"inLanguage\":\"es\"}]}<\/script>\n<!-- \/ Yoast SEO plugin. -->","yoast_head_json":{"title":"Rut: Convirti\u00e9ndote en una Chica Leal - PURA LIBERTAD","robots":{"index":"index","follow":"follow","max-snippet":"max-snippet:-1","max-image-preview":"max-image-preview:large","max-video-preview":"max-video-preview:-1"},"canonical":"https:\/\/www.puralibertad.org\/es\/producto\/rut-convirtiendote-en-una-chica-leal\/","og_locale":"es_ES","og_type":"article","og_title":"Rut: Convirti\u00e9ndote en una Chica Leal - PURA LIBERTAD","og_description":"Prepara a tu hija contra las falsas doctrinas, ense\u00f1\u00e1ndole a estudiar la Biblia en su contexto original antes de los 13 a\u00f1os. Lee la introducci\u00f3n del libro aqu\u00ed: https:\/\/intro_libroderut \ud83d\udd0eEstudiar\u00e1 el libro de Rut verso-por-verso en la NTV. \ud83d\ude4f\ud83c\udffcAprender\u00e1 lecciones sobre c\u00f3mo responder con madurez espiritual a las desilusiones y el dolor en su vida.","og_url":"https:\/\/www.puralibertad.org\/es\/producto\/rut-convirtiendote-en-una-chica-leal\/","og_site_name":"PURA LIBERTAD","article_modified_time":"2024-03-09T05:20:04+00:00","og_image":[{"width":1080,"height":1080,"url":"https:\/\/www.puralibertad.org\/wp-content\/uploads\/2022\/04\/Untitled-design-5.png","type":"image\/png"}],"twitter_card":"summary_large_image","twitter_misc":{"Tiempo de lectura":"1 minuto"},"schema":{"@context":"https:\/\/schema.org","@graph":[{"@type":"WebPage","@id":"https:\/\/www.puralibertad.org\/product\/rut-convirtiendote-en-una-chica-leal\/","url":"https:\/\/www.puralibertad.org\/product\/rut-convirtiendote-en-una-chica-leal\/","name":"Rut: Convirti\u00e9ndote en una Chica Leal - PURA LIBERTAD","isPartOf":{"@id":"https:\/\/www.puralibertad.org\/#website"},"datePublished":"2022-04-23T00:19:06+00:00","dateModified":"2024-03-09T05:20:04+00:00","breadcrumb":{"@id":"https:\/\/www.puralibertad.org\/product\/rut-convirtiendote-en-una-chica-leal\/#breadcrumb"},"inLanguage":"es","potentialAction":[{"@type":"ReadAction","target":["https:\/\/www.puralibertad.org\/product\/rut-convirtiendote-en-una-chica-leal\/"]}]},{"@type":"BreadcrumbList","@id":"https:\/\/www.puralibertad.org\/product\/rut-convirtiendote-en-una-chica-leal\/#breadcrumb","itemListElement":[{"@type":"ListItem","position":1,"name":"Home","item":"https:\/\/www.puralibertad.org\/"},{"@type":"ListItem","position":2,"name":"Rut: Convirti\u00e9ndote en una Chica Leal"}]},{"@type":"WebSite","@id":"https:\/\/www.puralibertad.org\/#website","url":"https:\/\/www.puralibertad.org\/","name":"PURA LIBERTAD","description":"Blog","potentialAction":[{"@type":"SearchAction","target":{"@type":"EntryPoint","urlTemplate":"https:\/\/www.puralibertad.org\/?s={search_term_string}"},"query-input":"required name=search_term_string"}],"inLanguage":"es"}]}},"jetpack_sharing_enabled":true,"_links":{"self":[{"href":"https:\/\/www.puralibertad.org\/es\/wp-json\/wp\/v2\/product\/7014"}],"collection":[{"href":"https:\/\/www.puralibertad.org\/es\/wp-json\/wp\/v2\/product"}],"about":[{"href":"https:\/\/www.puralibertad.org\/es\/wp-json\/wp\/v2\/types\/product"}],"replies":[{"embeddable":true,"href":"https:\/\/www.puralibertad.org\/es\/wp-json\/wp\/v2\/comments?post=7014"}],"wp:featuredmedia":[{"embeddable":true,"href":"https:\/\/www.puralibertad.org\/es\/wp-json\/wp\/v2\/media\/7021"}],"wp:attachment":[{"href":"https:\/\/www.puralibertad.org\/es\/wp-json\/wp\/v2\/media?parent=7014"}],"wp:term":[{"taxonomy":"product_cat","embeddable":true,"href":"https:\/\/www.puralibertad.org\/es\/wp-json\/wp\/v2\/product_cat?post=7014"},{"taxonomy":"product_tag","embeddable":true,"href":"https:\/\/www.puralibertad.org\/es\/wp-json\/wp\/v2\/product_tag?post=7014"}],"curies":[{"name":"wp","href":"https:\/\/api.w.org\/{rel}","templated":true}]}}