{"id":7124,"date":"2022-05-06T14:43:28","date_gmt":"2022-05-06T18:43:28","guid":{"rendered":"https:\/\/www.puralibertad.org\/?post_type=product&#038;p=7124"},"modified":"2022-12-02T14:06:45","modified_gmt":"2022-12-02T18:06:45","slug":"devocionales-de-navidad-madre-e-hija-5-dias","status":"publish","type":"product","link":"https:\/\/www.puralibertad.org\/es\/producto\/devocionales-de-navidad-madre-e-hija-5-dias\/","title":{"rendered":"Devocionales de Navidad Madre e Hija| 5 D\u00edas"},"content":{"rendered":"<p>\u00bfTu hija es m\u00e1s cautiva por los regalos y reuniones, que el glorioso nacimiento del Salvador?<\/p>\n<p>Separada 10 minutos diarios por 5 d\u00edas y mu\u00e9strale la verdadera Navidad con este devocional.<\/p>\n<p>Mira los t\u00edtulos\ud83d\udc47\ud83c\udffc<\/p>\n<p>\ud83c\udf1fD\u00eda 1: No estas sola<\/p>\n<p>\ud83c\udf1fD\u00eda 2: Eres bendecida<\/p>\n<p>\ud83c\udf1fD\u00eda 3: Tu puedes elegir el gozo<\/p>\n<p>\ud83c\udf1fD\u00eda 4: Estas envuelta en amor<\/p>\n<p>\ud83c\udf1fD\u00eda 5: Eres atesorada<\/p>\n<p>&nbsp;<\/p>","protected":false},"excerpt":{"rendered":"excerpt","protected":false},"featured_media":7127,"comment_status":"open","ping_status":"closed","template":"","meta":{"_mi_skip_tracking":false,"_monsterinsights_sitenote_active":false,"_monsterinsights_sitenote_note":"","_monsterinsights_sitenote_category":0,"episode_type":"","audio_file":"","cover_image":"","cover_image_id":"","duration":"","filesize":"","date_recorded":"","explicit":"","block":"","filesize_raw":""},"product_cat":[76],"product_tag":[78],"yoast_head":"<!-- This site is optimized with the Yoast SEO plugin v21.3 - https:\/\/yoast.com\/wordpress\/plugins\/seo\/ -->\n<title>Devocionales de Navidad Madre e Hija| 5 D\u00edas - PURA LIBERTAD<\/title>\n<meta name=\"robots\" content=\"index, follow, max-snippet:-1, max-image-preview:large, max-video-preview:-1\" \/>\n<link rel=\"canonical\" href=\"https:\/\/www.puralibertad.org\/es\/producto\/devocionales-de-navidad-madre-e-hija-5-dias\/\" \/>\n<meta property=\"og:locale\" content=\"es_ES\" \/>\n<meta property=\"og:type\" content=\"article\" \/>\n<meta property=\"og:title\" content=\"Devocionales de Navidad Madre e Hija| 5 D\u00edas - PURA LIBERTAD\" \/>\n<meta property=\"og:description\" content=\"\u00bfTu hija es m\u00e1s cautiva por los regalos y reuniones, que el glorioso nacimiento del Salvador? Separada 10 minutos diarios por 5 d\u00edas y mu\u00e9strale la verdadera Navidad con este devocional. Mira los t\u00edtulos\ud83d\udc47\ud83c\udffc \ud83c\udf1fD\u00eda 1: No estas sola \ud83c\udf1fD\u00eda 2: Eres bendecida \ud83c\udf1fD\u00eda 3: Tu puedes elegir el gozo \ud83c\udf1fD\u00eda 4: Estas envuelta en\" \/>\n<meta property=\"og:url\" content=\"https:\/\/www.puralibertad.org\/es\/producto\/devocionales-de-navidad-madre-e-hija-5-dias\/\" \/>\n<meta property=\"og:site_name\" content=\"PURA LIBERTAD\" \/>\n<meta property=\"article:modified_time\" content=\"2022-12-02T18:06:45+00:00\" \/>\n<meta property=\"og:image\" content=\"https:\/\/www.puralibertad.org\/wp-content\/uploads\/2022\/05\/Add-a-heading-4.png\" \/>\n\t<meta property=\"og:image:width\" content=\"1080\" \/>\n\t<meta property=\"og:image:height\" content=\"1080\" \/>\n\t<meta property=\"og:image:type\" content=\"image\/png\" \/>\n<meta name=\"twitter:card\" content=\"summary_large_image\" \/>\n<meta name=\"twitter:label1\" content=\"Tiempo de lectura\" \/>\n\t<meta name=\"twitter:data1\" content=\"1 minuto\" \/>\n<script type=\"application\/ld+json\" class=\"yoast-schema-graph\">{\"@context\":\"https:\/\/schema.org\",\"@graph\":[{\"@type\":\"WebPage\",\"@id\":\"https:\/\/www.puralibertad.org\/es\/producto\/devocionales-de-navidad-madre-e-hija-5-dias\/\",\"url\":\"https:\/\/www.puralibertad.org\/es\/producto\/devocionales-de-navidad-madre-e-hija-5-dias\/\",\"name\":\"Devocionales de Navidad Madre e Hija| 5 D\u00edas - PURA LIBERTAD\",\"isPartOf\":{\"@id\":\"https:\/\/www.puralibertad.org\/#website\"},\"datePublished\":\"2022-05-06T18:43:28+00:00\",\"dateModified\":\"2022-12-02T18:06:45+00:00\",\"breadcrumb\":{\"@id\":\"https:\/\/www.puralibertad.org\/es\/producto\/devocionales-de-navidad-madre-e-hija-5-dias\/#breadcrumb\"},\"inLanguage\":\"es\",\"potentialAction\":[{\"@type\":\"ReadAction\",\"target\":[\"https:\/\/www.puralibertad.org\/es\/producto\/devocionales-de-navidad-madre-e-hija-5-dias\/\"]}]},{\"@type\":\"BreadcrumbList\",\"@id\":\"https:\/\/www.puralibertad.org\/es\/producto\/devocionales-de-navidad-madre-e-hija-5-dias\/#breadcrumb\",\"itemListElement\":[{\"@type\":\"ListItem\",\"position\":1,\"name\":\"Home\",\"item\":\"https:\/\/www.puralibertad.org\/\"},{\"@type\":\"ListItem\",\"position\":2,\"name\":\"Devocionales de Navidad Madre e Hija| 5 D\u00edas\"}]},{\"@type\":\"WebSite\",\"@id\":\"https:\/\/www.puralibertad.org\/#website\",\"url\":\"https:\/\/www.puralibertad.org\/\",\"name\":\"PURA LIBERTAD\",\"description\":\"Blog\",\"potentialAction\":[{\"@type\":\"SearchAction\",\"target\":{\"@type\":\"EntryPoint\",\"urlTemplate\":\"https:\/\/www.puralibertad.org\/?s={search_term_string}\"},\"query-input\":\"required name=search_term_string\"}],\"inLanguage\":\"es\"}]}<\/script>\n<!-- \/ Yoast SEO plugin. -->","yoast_head_json":{"title":"Devocionales de Navidad Madre e Hija| 5 D\u00edas - PURA LIBERTAD","robots":{"index":"index","follow":"follow","max-snippet":"max-snippet:-1","max-image-preview":"max-image-preview:large","max-video-preview":"max-video-preview:-1"},"canonical":"https:\/\/www.puralibertad.org\/es\/producto\/devocionales-de-navidad-madre-e-hija-5-dias\/","og_locale":"es_ES","og_type":"article","og_title":"Devocionales de Navidad Madre e Hija| 5 D\u00edas - PURA LIBERTAD","og_description":"\u00bfTu hija es m\u00e1s cautiva por los regalos y reuniones, que el glorioso nacimiento del Salvador? Separada 10 minutos diarios por 5 d\u00edas y mu\u00e9strale la verdadera Navidad con este devocional. Mira los t\u00edtulos\ud83d\udc47\ud83c\udffc \ud83c\udf1fD\u00eda 1: No estas sola \ud83c\udf1fD\u00eda 2: Eres bendecida \ud83c\udf1fD\u00eda 3: Tu puedes elegir el gozo \ud83c\udf1fD\u00eda 4: Estas envuelta en","og_url":"https:\/\/www.puralibertad.org\/es\/producto\/devocionales-de-navidad-madre-e-hija-5-dias\/","og_site_name":"PURA LIBERTAD","article_modified_time":"2022-12-02T18:06:45+00:00","og_image":[{"width":1080,"height":1080,"url":"https:\/\/www.puralibertad.org\/wp-content\/uploads\/2022\/05\/Add-a-heading-4.png","type":"image\/png"}],"twitter_card":"summary_large_image","twitter_misc":{"Tiempo de lectura":"1 minuto"},"schema":{"@context":"https:\/\/schema.org","@graph":[{"@type":"WebPage","@id":"https:\/\/www.puralibertad.org\/es\/producto\/devocionales-de-navidad-madre-e-hija-5-dias\/","url":"https:\/\/www.puralibertad.org\/es\/producto\/devocionales-de-navidad-madre-e-hija-5-dias\/","name":"Devocionales de Navidad Madre e Hija| 5 D\u00edas - PURA LIBERTAD","isPartOf":{"@id":"https:\/\/www.puralibertad.org\/#website"},"datePublished":"2022-05-06T18:43:28+00:00","dateModified":"2022-12-02T18:06:45+00:00","breadcrumb":{"@id":"https:\/\/www.puralibertad.org\/es\/producto\/devocionales-de-navidad-madre-e-hija-5-dias\/#breadcrumb"},"inLanguage":"es","potentialAction":[{"@type":"ReadAction","target":["https:\/\/www.puralibertad.org\/es\/producto\/devocionales-de-navidad-madre-e-hija-5-dias\/"]}]},{"@type":"BreadcrumbList","@id":"https:\/\/www.puralibertad.org\/es\/producto\/devocionales-de-navidad-madre-e-hija-5-dias\/#breadcrumb","itemListElement":[{"@type":"ListItem","position":1,"name":"Home","item":"https:\/\/www.puralibertad.org\/"},{"@type":"ListItem","position":2,"name":"Devocionales de Navidad Madre e Hija| 5 D\u00edas"}]},{"@type":"WebSite","@id":"https:\/\/www.puralibertad.org\/#website","url":"https:\/\/www.puralibertad.org\/","name":"PURA LIBERTAD","description":"Blog","potentialAction":[{"@type":"SearchAction","target":{"@type":"EntryPoint","urlTemplate":"https:\/\/www.puralibertad.org\/?s={search_term_string}"},"query-input":"required name=search_term_string"}],"inLanguage":"es"}]}},"jetpack_sharing_enabled":true,"_links":{"self":[{"href":"https:\/\/www.puralibertad.org\/es\/wp-json\/wp\/v2\/product\/7124"}],"collection":[{"href":"https:\/\/www.puralibertad.org\/es\/wp-json\/wp\/v2\/product"}],"about":[{"href":"https:\/\/www.puralibertad.org\/es\/wp-json\/wp\/v2\/types\/product"}],"replies":[{"embeddable":true,"href":"https:\/\/www.puralibertad.org\/es\/wp-json\/wp\/v2\/comments?post=7124"}],"wp:featuredmedia":[{"embeddable":true,"href":"https:\/\/www.puralibertad.org\/es\/wp-json\/wp\/v2\/media\/7127"}],"wp:attachment":[{"href":"https:\/\/www.puralibertad.org\/es\/wp-json\/wp\/v2\/media?parent=7124"}],"wp:term":[{"taxonomy":"product_cat","embeddable":true,"href":"https:\/\/www.puralibertad.org\/es\/wp-json\/wp\/v2\/product_cat?post=7124"},{"taxonomy":"product_tag","embeddable":true,"href":"https:\/\/www.puralibertad.org\/es\/wp-json\/wp\/v2\/product_tag?post=7124"}],"curies":[{"name":"wp","href":"https:\/\/api.w.org\/{rel}","templated":true}]}}