{"id":7134,"date":"2022-05-06T16:21:38","date_gmt":"2022-05-06T20:21:38","guid":{"rendered":"https:\/\/www.puralibertad.org\/?post_type=product&#038;p=7134"},"modified":"2022-08-04T16:27:14","modified_gmt":"2022-08-04T20:27:14","slug":"reto-para-hijas-honrando-a-mama","status":"publish","type":"product","link":"https:\/\/www.puralibertad.org\/es\/producto\/reto-para-hijas-honrando-a-mama\/","title":{"rendered":"Reto para hijas &#8220;Honrando a Mam\u00e1&#8221;"},"content":{"rendered":"<p><strong>Descarga aqu\u00ed:<\/strong> <a href=\"https:\/\/mailchi.mp\/c0ad3c56a525\/retohonrandoamam\">retohonrandoamam<\/a><\/p>\n<p><strong>Qu\u00e9 mejor regalo para una mam\u00e1 que la obediencia y el amor de su propia hija<\/strong>\ud83c\udf81<\/p>\n<p>Comp\u00e1rtele a tu hija, este reto de 3 d\u00edas.<\/p>\n<p>Mira los temas\ud83d\ude04<\/p>\n<p>&nbsp;<\/p>\n<p>\ud83d\udc96D\u00eda 1: Honrando a tu mam\u00e1 con tus palabras.<\/p>\n<p>\ud83d\udc96D\u00eda 2: Honrando a tu mam\u00e1 a trav\u00e9s del servicio.<\/p>\n<p>\ud83d\udc96D\u00eda 3: Honrando con tu mam\u00e1 con tu obediencia.<\/p>\n<p>Hermoso, \u00bfno crees?<\/p>\n<p>&nbsp;<\/p>\n<p><strong>Descarga aqu\u00ed:<\/strong> <a href=\"https:\/\/mailchi.mp\/c0ad3c56a525\/retohonrandoamam\">retohonrandoamam<\/a><\/p>\n<p>&nbsp;<\/p>","protected":false},"excerpt":{"rendered":"excerpt","protected":false},"featured_media":7136,"comment_status":"open","ping_status":"closed","template":"","meta":{"_mi_skip_tracking":false,"_monsterinsights_sitenote_active":false,"_monsterinsights_sitenote_note":"","_monsterinsights_sitenote_category":0,"episode_type":"","audio_file":"","cover_image":"","cover_image_id":"","duration":"","filesize":"","date_recorded":"","explicit":"","block":"","filesize_raw":""},"product_cat":[76],"product_tag":[],"yoast_head":"<!-- This site is optimized with the Yoast SEO plugin v21.3 - https:\/\/yoast.com\/wordpress\/plugins\/seo\/ -->\n<title>Reto para hijas &quot;Honrando a Mam\u00e1&quot; - PURA LIBERTAD<\/title>\n<meta name=\"robots\" content=\"index, follow, max-snippet:-1, max-image-preview:large, max-video-preview:-1\" \/>\n<link rel=\"canonical\" href=\"https:\/\/www.puralibertad.org\/es\/producto\/reto-para-hijas-honrando-a-mama\/\" \/>\n<meta property=\"og:locale\" content=\"es_ES\" \/>\n<meta property=\"og:type\" content=\"article\" \/>\n<meta property=\"og:title\" content=\"Reto para hijas &quot;Honrando a Mam\u00e1&quot; - PURA LIBERTAD\" \/>\n<meta property=\"og:description\" content=\"Descarga aqu\u00ed: retohonrandoamam Qu\u00e9 mejor regalo para una mam\u00e1 que la obediencia y el amor de su propia hija\ud83c\udf81 Comp\u00e1rtele a tu hija, este reto de 3 d\u00edas. Mira los temas\ud83d\ude04 &nbsp; \ud83d\udc96D\u00eda 1: Honrando a tu mam\u00e1 con tus palabras. \ud83d\udc96D\u00eda 2: Honrando a tu mam\u00e1 a trav\u00e9s del servicio. \ud83d\udc96D\u00eda 3: Honrando con\" \/>\n<meta property=\"og:url\" content=\"https:\/\/www.puralibertad.org\/es\/producto\/reto-para-hijas-honrando-a-mama\/\" \/>\n<meta property=\"og:site_name\" content=\"PURA LIBERTAD\" \/>\n<meta property=\"article:modified_time\" content=\"2022-08-04T20:27:14+00:00\" \/>\n<meta property=\"og:image\" content=\"https:\/\/www.puralibertad.org\/wp-content\/uploads\/2022\/05\/482f323d-d602-3997-b95b-324b3335b8d8-791x1024.png\" \/>\n\t<meta property=\"og:image:width\" content=\"791\" \/>\n\t<meta property=\"og:image:height\" content=\"1024\" \/>\n\t<meta property=\"og:image:type\" content=\"image\/png\" \/>\n<meta name=\"twitter:card\" content=\"summary_large_image\" \/>\n<meta name=\"twitter:label1\" content=\"Tiempo de lectura\" \/>\n\t<meta name=\"twitter:data1\" content=\"1 minuto\" \/>\n<script type=\"application\/ld+json\" class=\"yoast-schema-graph\">{\"@context\":\"https:\/\/schema.org\",\"@graph\":[{\"@type\":\"WebPage\",\"@id\":\"https:\/\/www.puralibertad.org\/es\/producto\/reto-para-hijas-honrando-a-mama\/\",\"url\":\"https:\/\/www.puralibertad.org\/es\/producto\/reto-para-hijas-honrando-a-mama\/\",\"name\":\"Reto para hijas \\\"Honrando a Mam\u00e1\\\" - PURA LIBERTAD\",\"isPartOf\":{\"@id\":\"https:\/\/www.puralibertad.org\/#website\"},\"datePublished\":\"2022-05-06T20:21:38+00:00\",\"dateModified\":\"2022-08-04T20:27:14+00:00\",\"breadcrumb\":{\"@id\":\"https:\/\/www.puralibertad.org\/es\/producto\/reto-para-hijas-honrando-a-mama\/#breadcrumb\"},\"inLanguage\":\"es\",\"potentialAction\":[{\"@type\":\"ReadAction\",\"target\":[\"https:\/\/www.puralibertad.org\/es\/producto\/reto-para-hijas-honrando-a-mama\/\"]}]},{\"@type\":\"BreadcrumbList\",\"@id\":\"https:\/\/www.puralibertad.org\/es\/producto\/reto-para-hijas-honrando-a-mama\/#breadcrumb\",\"itemListElement\":[{\"@type\":\"ListItem\",\"position\":1,\"name\":\"Home\",\"item\":\"https:\/\/www.puralibertad.org\/\"},{\"@type\":\"ListItem\",\"position\":2,\"name\":\"Reto para hijas &#8220;Honrando a Mam\u00e1&#8221;\"}]},{\"@type\":\"WebSite\",\"@id\":\"https:\/\/www.puralibertad.org\/#website\",\"url\":\"https:\/\/www.puralibertad.org\/\",\"name\":\"PURA LIBERTAD\",\"description\":\"Blog\",\"potentialAction\":[{\"@type\":\"SearchAction\",\"target\":{\"@type\":\"EntryPoint\",\"urlTemplate\":\"https:\/\/www.puralibertad.org\/?s={search_term_string}\"},\"query-input\":\"required name=search_term_string\"}],\"inLanguage\":\"es\"}]}<\/script>\n<!-- \/ Yoast SEO plugin. -->","yoast_head_json":{"title":"Reto para hijas \"Honrando a Mam\u00e1\" - PURA LIBERTAD","robots":{"index":"index","follow":"follow","max-snippet":"max-snippet:-1","max-image-preview":"max-image-preview:large","max-video-preview":"max-video-preview:-1"},"canonical":"https:\/\/www.puralibertad.org\/es\/producto\/reto-para-hijas-honrando-a-mama\/","og_locale":"es_ES","og_type":"article","og_title":"Reto para hijas \"Honrando a Mam\u00e1\" - PURA LIBERTAD","og_description":"Descarga aqu\u00ed: retohonrandoamam Qu\u00e9 mejor regalo para una mam\u00e1 que la obediencia y el amor de su propia hija\ud83c\udf81 Comp\u00e1rtele a tu hija, este reto de 3 d\u00edas. Mira los temas\ud83d\ude04 &nbsp; \ud83d\udc96D\u00eda 1: Honrando a tu mam\u00e1 con tus palabras. \ud83d\udc96D\u00eda 2: Honrando a tu mam\u00e1 a trav\u00e9s del servicio. \ud83d\udc96D\u00eda 3: Honrando con","og_url":"https:\/\/www.puralibertad.org\/es\/producto\/reto-para-hijas-honrando-a-mama\/","og_site_name":"PURA LIBERTAD","article_modified_time":"2022-08-04T20:27:14+00:00","og_image":[{"width":791,"height":1024,"url":"https:\/\/www.puralibertad.org\/wp-content\/uploads\/2022\/05\/482f323d-d602-3997-b95b-324b3335b8d8-791x1024.png","type":"image\/png"}],"twitter_card":"summary_large_image","twitter_misc":{"Tiempo de lectura":"1 minuto"},"schema":{"@context":"https:\/\/schema.org","@graph":[{"@type":"WebPage","@id":"https:\/\/www.puralibertad.org\/es\/producto\/reto-para-hijas-honrando-a-mama\/","url":"https:\/\/www.puralibertad.org\/es\/producto\/reto-para-hijas-honrando-a-mama\/","name":"Reto para hijas \"Honrando a Mam\u00e1\" - PURA LIBERTAD","isPartOf":{"@id":"https:\/\/www.puralibertad.org\/#website"},"datePublished":"2022-05-06T20:21:38+00:00","dateModified":"2022-08-04T20:27:14+00:00","breadcrumb":{"@id":"https:\/\/www.puralibertad.org\/es\/producto\/reto-para-hijas-honrando-a-mama\/#breadcrumb"},"inLanguage":"es","potentialAction":[{"@type":"ReadAction","target":["https:\/\/www.puralibertad.org\/es\/producto\/reto-para-hijas-honrando-a-mama\/"]}]},{"@type":"BreadcrumbList","@id":"https:\/\/www.puralibertad.org\/es\/producto\/reto-para-hijas-honrando-a-mama\/#breadcrumb","itemListElement":[{"@type":"ListItem","position":1,"name":"Home","item":"https:\/\/www.puralibertad.org\/"},{"@type":"ListItem","position":2,"name":"Reto para hijas &#8220;Honrando a Mam\u00e1&#8221;"}]},{"@type":"WebSite","@id":"https:\/\/www.puralibertad.org\/#website","url":"https:\/\/www.puralibertad.org\/","name":"PURA LIBERTAD","description":"Blog","potentialAction":[{"@type":"SearchAction","target":{"@type":"EntryPoint","urlTemplate":"https:\/\/www.puralibertad.org\/?s={search_term_string}"},"query-input":"required name=search_term_string"}],"inLanguage":"es"}]}},"jetpack_sharing_enabled":true,"_links":{"self":[{"href":"https:\/\/www.puralibertad.org\/es\/wp-json\/wp\/v2\/product\/7134"}],"collection":[{"href":"https:\/\/www.puralibertad.org\/es\/wp-json\/wp\/v2\/product"}],"about":[{"href":"https:\/\/www.puralibertad.org\/es\/wp-json\/wp\/v2\/types\/product"}],"replies":[{"embeddable":true,"href":"https:\/\/www.puralibertad.org\/es\/wp-json\/wp\/v2\/comments?post=7134"}],"wp:featuredmedia":[{"embeddable":true,"href":"https:\/\/www.puralibertad.org\/es\/wp-json\/wp\/v2\/media\/7136"}],"wp:attachment":[{"href":"https:\/\/www.puralibertad.org\/es\/wp-json\/wp\/v2\/media?parent=7134"}],"wp:term":[{"taxonomy":"product_cat","embeddable":true,"href":"https:\/\/www.puralibertad.org\/es\/wp-json\/wp\/v2\/product_cat?post=7134"},{"taxonomy":"product_tag","embeddable":true,"href":"https:\/\/www.puralibertad.org\/es\/wp-json\/wp\/v2\/product_tag?post=7134"}],"curies":[{"name":"wp","href":"https:\/\/api.w.org\/{rel}","templated":true}]}}