{"id":7137,"date":"2022-05-06T16:53:24","date_gmt":"2022-05-06T20:53:24","guid":{"rendered":"https:\/\/www.puralibertad.org\/?post_type=product&#038;p=7137"},"modified":"2024-03-08T20:40:37","modified_gmt":"2024-03-09T00:40:37","slug":"reto-para-fortalecer-la-relacion-madre-e-hija-10-dias","status":"publish","type":"product","link":"https:\/\/www.puralibertad.org\/es\/producto\/reto-para-fortalecer-la-relacion-madre-e-hija-10-dias\/","title":{"rendered":"Reto para Fortalecer la Relaci\u00f3n Madre e Hija| 10 D\u00edas"},"content":{"rendered":"<p><strong>Desc\u00e1rgalo aqu\u00ed:<\/strong> <a href=\"https:\/\/mailchi.mp\/c078d6911fd9\/reto-10-dias-madre-e-hija-momento-especial\">reto-10-dias-madre-e-hija-momento-especial<\/a><\/p>\n<p>Estoy segura que cada vez que lees un blog o post nuestro te animas a conectar m\u00e1s con tu hija (hasta que pasa una semana, y se te olvido tu cita madre e hija\ud83d\ude05)\u2063<br \/>\n\u2063<br \/>\nImprimir el devocional, idear una actividad creativa que conecte con la Biblia y recordarle lo especial que es para Dios a trav\u00e9s de tu atenci\u00f3n&#8230;\u2063<br \/>\n\u2063<br \/>\nTodas estas tareas son buenas, pero la realidad es que cuando culminas un recurso de conexi\u00f3n madre e hija, te quedas sin ideas para ser constante.\u2063<br \/>\n\u2063<br \/>\n\ud83d\udc49\ud83c\udffcPara que los pr\u00f3ximos 10 d\u00edas sea la semana definitiva y finalmente logres fortalecer la relaci\u00f3n con tu peque\u00f1a antes que pase los mejores a\u00f1os crianza, te recomiendo que descargues (y coloques en tu nevera\ud83d\udca1) el reto de 10 d\u00edas para momentos especiales con tu hija.\u2063<br \/>\n\u2063<\/p>\n<p>Lo m\u00e1s divertido de esto es que puedes repetir este reto todo el a\u00f1o\ud83d\ude09<\/p>\n<p>&nbsp;<\/p>\n<p>Adqui\u00e9relo hoy\ud83d\udc95<strong>Desc\u00e1rgalo aqu\u00ed:<\/strong> <a href=\"https:\/\/mailchi.mp\/c078d6911fd9\/reto-10-dias-madre-e-hija-momento-especial\">reto-10-dias-madre-e-hija-momento-especial<\/a><\/p>","protected":false},"excerpt":{"rendered":"excerpt","protected":false},"featured_media":7138,"comment_status":"open","ping_status":"closed","template":"","meta":{"_mi_skip_tracking":false,"_monsterinsights_sitenote_active":false,"_monsterinsights_sitenote_note":"","_monsterinsights_sitenote_category":0,"episode_type":"","audio_file":"","cover_image":"","cover_image_id":"","duration":"","filesize":"","date_recorded":"","explicit":"","block":"","filesize_raw":""},"product_cat":[76],"product_tag":[],"yoast_head":"<!-- This site is optimized with the Yoast SEO plugin v21.3 - https:\/\/yoast.com\/wordpress\/plugins\/seo\/ -->\n<title>Reto para Fortalecer la Relaci\u00f3n Madre e Hija| 10 D\u00edas - PURA LIBERTAD<\/title>\n<meta name=\"robots\" content=\"index, follow, max-snippet:-1, max-image-preview:large, max-video-preview:-1\" \/>\n<link rel=\"canonical\" href=\"https:\/\/www.puralibertad.org\/es\/producto\/reto-para-fortalecer-la-relacion-madre-e-hija-10-dias\/\" \/>\n<meta property=\"og:locale\" content=\"es_ES\" \/>\n<meta property=\"og:type\" content=\"article\" \/>\n<meta property=\"og:title\" content=\"Reto para Fortalecer la Relaci\u00f3n Madre e Hija| 10 D\u00edas - PURA LIBERTAD\" \/>\n<meta property=\"og:description\" content=\"Desc\u00e1rgalo aqu\u00ed: reto-10-dias-madre-e-hija-momento-especial Estoy segura que cada vez que lees un blog o post nuestro te animas a conectar m\u00e1s con tu hija (hasta que pasa una semana, y se te olvido tu cita madre e hija\ud83d\ude05)\u2063 \u2063 Imprimir el devocional, idear una actividad creativa que conecte con la Biblia y recordarle lo especial que\" \/>\n<meta property=\"og:url\" content=\"https:\/\/www.puralibertad.org\/es\/producto\/reto-para-fortalecer-la-relacion-madre-e-hija-10-dias\/\" \/>\n<meta property=\"og:site_name\" content=\"PURA LIBERTAD\" \/>\n<meta property=\"article:modified_time\" content=\"2024-03-09T00:40:37+00:00\" \/>\n<meta property=\"og:image\" content=\"https:\/\/www.puralibertad.org\/wp-content\/uploads\/2022\/05\/276089426_1647271235605826_1971750879686105233_n.jpg\" \/>\n\t<meta property=\"og:image:width\" content=\"1080\" \/>\n\t<meta property=\"og:image:height\" content=\"1080\" \/>\n\t<meta property=\"og:image:type\" content=\"image\/jpeg\" \/>\n<meta name=\"twitter:card\" content=\"summary_large_image\" \/>\n<meta name=\"twitter:label1\" content=\"Tiempo de lectura\" \/>\n\t<meta name=\"twitter:data1\" content=\"1 minuto\" \/>\n<script type=\"application\/ld+json\" class=\"yoast-schema-graph\">{\"@context\":\"https:\/\/schema.org\",\"@graph\":[{\"@type\":\"WebPage\",\"@id\":\"https:\/\/www.puralibertad.org\/es\/producto\/reto-para-fortalecer-la-relacion-madre-e-hija-10-dias\/\",\"url\":\"https:\/\/www.puralibertad.org\/es\/producto\/reto-para-fortalecer-la-relacion-madre-e-hija-10-dias\/\",\"name\":\"Reto para Fortalecer la Relaci\u00f3n Madre e Hija| 10 D\u00edas - PURA LIBERTAD\",\"isPartOf\":{\"@id\":\"https:\/\/www.puralibertad.org\/#website\"},\"datePublished\":\"2022-05-06T20:53:24+00:00\",\"dateModified\":\"2024-03-09T00:40:37+00:00\",\"breadcrumb\":{\"@id\":\"https:\/\/www.puralibertad.org\/es\/producto\/reto-para-fortalecer-la-relacion-madre-e-hija-10-dias\/#breadcrumb\"},\"inLanguage\":\"es\",\"potentialAction\":[{\"@type\":\"ReadAction\",\"target\":[\"https:\/\/www.puralibertad.org\/es\/producto\/reto-para-fortalecer-la-relacion-madre-e-hija-10-dias\/\"]}]},{\"@type\":\"BreadcrumbList\",\"@id\":\"https:\/\/www.puralibertad.org\/es\/producto\/reto-para-fortalecer-la-relacion-madre-e-hija-10-dias\/#breadcrumb\",\"itemListElement\":[{\"@type\":\"ListItem\",\"position\":1,\"name\":\"Home\",\"item\":\"https:\/\/www.puralibertad.org\/\"},{\"@type\":\"ListItem\",\"position\":2,\"name\":\"Reto para Fortalecer la Relaci\u00f3n Madre e Hija| 10 D\u00edas\"}]},{\"@type\":\"WebSite\",\"@id\":\"https:\/\/www.puralibertad.org\/#website\",\"url\":\"https:\/\/www.puralibertad.org\/\",\"name\":\"PURA LIBERTAD\",\"description\":\"Blog\",\"potentialAction\":[{\"@type\":\"SearchAction\",\"target\":{\"@type\":\"EntryPoint\",\"urlTemplate\":\"https:\/\/www.puralibertad.org\/?s={search_term_string}\"},\"query-input\":\"required name=search_term_string\"}],\"inLanguage\":\"es\"}]}<\/script>\n<!-- \/ Yoast SEO plugin. -->","yoast_head_json":{"title":"Reto para Fortalecer la Relaci\u00f3n Madre e Hija| 10 D\u00edas - PURA LIBERTAD","robots":{"index":"index","follow":"follow","max-snippet":"max-snippet:-1","max-image-preview":"max-image-preview:large","max-video-preview":"max-video-preview:-1"},"canonical":"https:\/\/www.puralibertad.org\/es\/producto\/reto-para-fortalecer-la-relacion-madre-e-hija-10-dias\/","og_locale":"es_ES","og_type":"article","og_title":"Reto para Fortalecer la Relaci\u00f3n Madre e Hija| 10 D\u00edas - PURA LIBERTAD","og_description":"Desc\u00e1rgalo aqu\u00ed: reto-10-dias-madre-e-hija-momento-especial Estoy segura que cada vez que lees un blog o post nuestro te animas a conectar m\u00e1s con tu hija (hasta que pasa una semana, y se te olvido tu cita madre e hija\ud83d\ude05)\u2063 \u2063 Imprimir el devocional, idear una actividad creativa que conecte con la Biblia y recordarle lo especial que","og_url":"https:\/\/www.puralibertad.org\/es\/producto\/reto-para-fortalecer-la-relacion-madre-e-hija-10-dias\/","og_site_name":"PURA LIBERTAD","article_modified_time":"2024-03-09T00:40:37+00:00","og_image":[{"width":1080,"height":1080,"url":"https:\/\/www.puralibertad.org\/wp-content\/uploads\/2022\/05\/276089426_1647271235605826_1971750879686105233_n.jpg","type":"image\/jpeg"}],"twitter_card":"summary_large_image","twitter_misc":{"Tiempo de lectura":"1 minuto"},"schema":{"@context":"https:\/\/schema.org","@graph":[{"@type":"WebPage","@id":"https:\/\/www.puralibertad.org\/es\/producto\/reto-para-fortalecer-la-relacion-madre-e-hija-10-dias\/","url":"https:\/\/www.puralibertad.org\/es\/producto\/reto-para-fortalecer-la-relacion-madre-e-hija-10-dias\/","name":"Reto para Fortalecer la Relaci\u00f3n Madre e Hija| 10 D\u00edas - PURA LIBERTAD","isPartOf":{"@id":"https:\/\/www.puralibertad.org\/#website"},"datePublished":"2022-05-06T20:53:24+00:00","dateModified":"2024-03-09T00:40:37+00:00","breadcrumb":{"@id":"https:\/\/www.puralibertad.org\/es\/producto\/reto-para-fortalecer-la-relacion-madre-e-hija-10-dias\/#breadcrumb"},"inLanguage":"es","potentialAction":[{"@type":"ReadAction","target":["https:\/\/www.puralibertad.org\/es\/producto\/reto-para-fortalecer-la-relacion-madre-e-hija-10-dias\/"]}]},{"@type":"BreadcrumbList","@id":"https:\/\/www.puralibertad.org\/es\/producto\/reto-para-fortalecer-la-relacion-madre-e-hija-10-dias\/#breadcrumb","itemListElement":[{"@type":"ListItem","position":1,"name":"Home","item":"https:\/\/www.puralibertad.org\/"},{"@type":"ListItem","position":2,"name":"Reto para Fortalecer la Relaci\u00f3n Madre e Hija| 10 D\u00edas"}]},{"@type":"WebSite","@id":"https:\/\/www.puralibertad.org\/#website","url":"https:\/\/www.puralibertad.org\/","name":"PURA LIBERTAD","description":"Blog","potentialAction":[{"@type":"SearchAction","target":{"@type":"EntryPoint","urlTemplate":"https:\/\/www.puralibertad.org\/?s={search_term_string}"},"query-input":"required name=search_term_string"}],"inLanguage":"es"}]}},"jetpack_sharing_enabled":true,"_links":{"self":[{"href":"https:\/\/www.puralibertad.org\/es\/wp-json\/wp\/v2\/product\/7137"}],"collection":[{"href":"https:\/\/www.puralibertad.org\/es\/wp-json\/wp\/v2\/product"}],"about":[{"href":"https:\/\/www.puralibertad.org\/es\/wp-json\/wp\/v2\/types\/product"}],"replies":[{"embeddable":true,"href":"https:\/\/www.puralibertad.org\/es\/wp-json\/wp\/v2\/comments?post=7137"}],"wp:featuredmedia":[{"embeddable":true,"href":"https:\/\/www.puralibertad.org\/es\/wp-json\/wp\/v2\/media\/7138"}],"wp:attachment":[{"href":"https:\/\/www.puralibertad.org\/es\/wp-json\/wp\/v2\/media?parent=7137"}],"wp:term":[{"taxonomy":"product_cat","embeddable":true,"href":"https:\/\/www.puralibertad.org\/es\/wp-json\/wp\/v2\/product_cat?post=7137"},{"taxonomy":"product_tag","embeddable":true,"href":"https:\/\/www.puralibertad.org\/es\/wp-json\/wp\/v2\/product_tag?post=7137"}],"curies":[{"name":"wp","href":"https:\/\/api.w.org\/{rel}","templated":true}]}}