{"id":7144,"date":"2022-05-06T17:19:15","date_gmt":"2022-05-06T21:19:15","guid":{"rendered":"https:\/\/www.puralibertad.org\/?post_type=product&#038;p=7144"},"modified":"2024-03-24T13:06:15","modified_gmt":"2024-03-24T17:06:15","slug":"como-hablar-con-tus-hijos-sobre-sexualidad","status":"publish","type":"product","link":"https:\/\/www.puralibertad.org\/es\/producto\/como-hablar-con-tus-hijos-sobre-sexualidad\/","title":{"rendered":"C\u00f3mo hablar con tus hijos sobre sexualidad"},"content":{"rendered":"<p><span style=\"font-weight: 400;\">\u00bfTus hijos saben que la sexualidad es muy buena?\ud83e\udd28 \u2063<\/span><\/p>\n<p><span style=\"font-weight: 400;\">\u2063<\/span><span style=\"font-weight: 400;\">\ud835\udc03\ud835\udc22\ud835\udc28\ud835\udc2c \ud835\udc21\ud835\udc22\ud835\udc33\ud835\udc28 \ud835\udc2d\ud835\udc1a\ud835\udc27 \ud835\udc20\ud835\udc2b\ud835\udc1a\ud835\udc27\ud835\udc1d\ud835\udc22\ud835\udc28\ud835\udc2c\ud835\udc28 \ud835\udc1e\ud835\udc2c\ud835\udc2d\ud835\udc1e \ud835\udc2b\ud835\udc1e\ud835\udc20\ud835\udc1a\ud835\udc25\ud835\udc28 \ud835\udc2a\ud835\udc2e\ud835\udc1e \ud835\udc1e\ud835\udc25 \ud835\udc04\ud835\udc27\ud835\udc1e\ud835\udc26\ud835\udc22\ud835\udc20\ud835\udc28 \ud835\udc2c\ud835\udc1e \ud835\udc21\ud835\udc1a \ud835\udc1e\ud835\udc27\ud835\udc2f\ud835\udc22\ud835\udc1c\ud835\udc22\ud835\udc1a\ud835\udc1d\ud835\udc28 \ud835\udc1e\ud835\udc27 \ud835\udc1d\ud835\udc22\ud835\udc2c\ud835\udc2d\ud835\udc28\ud835\udc2b\ud835\udc2c\ud835\udc22\ud835\udc28\ud835\udc27\ud835\udc1a\ud835\udc2b\ud835\udc25\ud835\udc28\ud83d\ude28\ud83d\udcbb\ud83c\udfac\ud83c\udfb5\ud83d\udcfa\u2063<\/span><\/p>\n<p><span style=\"font-weight: 400;\">\u2063<\/span><span style=\"font-weight: 400;\">No s\u00e9 a qu\u00e9 edad tus padres te hablaron sobre la sexualidad desde una perspectiva b\u00edblica (y hermosa\ud83d\uddbc\ufe0f). \ud835\udc0f\ud835\udc1e\ud835\udc2b\ud835\udc28 \ud835\udc2d\ud835\udc2e\ud835\udc2c \ud835\udc21\ud835\udc22\ud835\udc23\ud835\udc28\ud835\udc2c \ud835\udc27\ud835\udc1e\ud835\udc1c\ud835\udc1e\ud835\udc2c\ud835\udc22\ud835\udc2d\ud835\udc1a \ud835\udc22\ud835\udc27\ud835\udc2c\ud835\udc2d\ud835\udc2b\ud835\udc2e\ud835\udc1c\ud835\udc1c\ud835\udc22\ud835\udc28\u0301\ud835\udc27 \ud835\udc1a \ud835\udc29\ud835\udc1a\ud835\udc2b\ud835\udc2d\ud835\udc22\ud835\udc2b \ud835\udc1d\ud835\udc1e \ud835\udc25\ud835\udc28\ud835\udc2c \ud835\udfd1 \ud835\udc1a\u00f1\ud835\udc28\ud835\udc2c.\u2063<\/span><\/p>\n<p><span style=\"font-weight: 400;\">\u2063<\/span><span style=\"font-weight: 400;\">No esperes a los 10 ni 13 a\u00f1os<\/span><span style=\"font-weight: 400;\">\ud83e\udd26\u200d\u2640\ufe0f\u2063<\/span><\/p>\n<p><span style=\"font-weight: 400;\">\u2063<\/span><span style=\"font-weight: 400;\">Les extendemos nuevamente al \ud835\udc30\ud835\udc1e\ud835\udc1b\ud835\udc22\ud835\udc27\ud835\udc1a\ud835\udc2b \ud835\udc20\ud835\udc2b\ud835\udc1a\ud835\udc2d\ud835\udc2e\ud835\udc22\ud835\udc2d\ud835\udc28 \ud835\udc29\ud835\udc1a\ud835\udc2b\ud835\udc1a \ud835\udc29\ud835\udc1a\ud835\udc1d\ud835\udc2b\ud835\udc1e\ud835\udc2c &#8221; \ud835\ude0a\u00f3\ud835\ude2e\ud835\ude30 \ud835\ude29\ud835\ude22\ud835\ude23\ud835\ude2d\ud835\ude22\ud835\ude33 \ud835\ude24\ud835\ude30\ud835\ude2f \ud835\ude35\ud835\ude36\ud835\ude34 \ud835\ude29\ud835\ude2a\ud835\ude2b\ud835\ude30\ud835\ude34 \ud835\ude34\ud835\ude30\ud835\ude23\ud835\ude33\ud835\ude26 \ud835\ude2d\ud835\ude22 \ud835\ude34\ud835\ude26\ud835\ude39\ud835\ude36\ud835\ude22\ud835\ude2d\ud835\ude2a\ud835\ude25\ud835\ude22\ud835\ude25&#8221;\u2063<\/span><\/p>\n<p><span style=\"font-weight: 400;\">\u2063<\/span><span style=\"font-weight: 400;\">-Descubrir\u00e1s c\u00f3mo la pornograf\u00eda esta buscando a tus hijos ahora mismo (mientras lees esto y el juega con su tel\u00e9fono)\u2063<\/span><\/p>\n<p><span style=\"font-weight: 400;\">\u2063<\/span><span style=\"font-weight: 400;\">&#8211; Recibir\u00e1s un e-book con un listado de recursos recomendados para equiparte con tu esposo: Libros, art\u00edculos, podcast, cursos de ministerio que confiamos.\u2063<\/span><\/p>","protected":false},"excerpt":{"rendered":"excerpt","protected":false},"featured_media":7143,"comment_status":"open","ping_status":"closed","template":"","meta":{"_mi_skip_tracking":false,"_monsterinsights_sitenote_active":false,"_monsterinsights_sitenote_note":"","_monsterinsights_sitenote_category":0,"episode_type":"","audio_file":"","cover_image":"","cover_image_id":"","duration":"","filesize":"","date_recorded":"","explicit":"","block":"","filesize_raw":""},"product_cat":[77],"product_tag":[],"yoast_head":"<!-- This site is optimized with the Yoast SEO plugin v21.3 - https:\/\/yoast.com\/wordpress\/plugins\/seo\/ -->\n<title>C\u00f3mo hablar con tus hijos sobre sexualidad - PURA LIBERTAD<\/title>\n<meta name=\"robots\" content=\"index, follow, max-snippet:-1, max-image-preview:large, max-video-preview:-1\" \/>\n<link rel=\"canonical\" href=\"https:\/\/www.puralibertad.org\/es\/producto\/como-hablar-con-tus-hijos-sobre-sexualidad\/\" \/>\n<meta property=\"og:locale\" content=\"es_ES\" \/>\n<meta property=\"og:type\" content=\"article\" \/>\n<meta property=\"og:title\" content=\"C\u00f3mo hablar con tus hijos sobre sexualidad - PURA LIBERTAD\" \/>\n<meta property=\"og:description\" content=\"\u00bfTus hijos saben que la sexualidad es muy buena?\ud83e\udd28 \u2063 \u2063\ud835\udc03\ud835\udc22\ud835\udc28\ud835\udc2c \ud835\udc21\ud835\udc22\ud835\udc33\ud835\udc28 \ud835\udc2d\ud835\udc1a\ud835\udc27 \ud835\udc20\ud835\udc2b\ud835\udc1a\ud835\udc27\ud835\udc1d\ud835\udc22\ud835\udc28\ud835\udc2c\ud835\udc28 \ud835\udc1e\ud835\udc2c\ud835\udc2d\ud835\udc1e \ud835\udc2b\ud835\udc1e\ud835\udc20\ud835\udc1a\ud835\udc25\ud835\udc28 \ud835\udc2a\ud835\udc2e\ud835\udc1e \ud835\udc1e\ud835\udc25 \ud835\udc04\ud835\udc27\ud835\udc1e\ud835\udc26\ud835\udc22\ud835\udc20\ud835\udc28 \ud835\udc2c\ud835\udc1e \ud835\udc21\ud835\udc1a \ud835\udc1e\ud835\udc27\ud835\udc2f\ud835\udc22\ud835\udc1c\ud835\udc22\ud835\udc1a\ud835\udc1d\ud835\udc28 \ud835\udc1e\ud835\udc27 \ud835\udc1d\ud835\udc22\ud835\udc2c\ud835\udc2d\ud835\udc28\ud835\udc2b\ud835\udc2c\ud835\udc22\ud835\udc28\ud835\udc27\ud835\udc1a\ud835\udc2b\ud835\udc25\ud835\udc28\ud83d\ude28\ud83d\udcbb\ud83c\udfac\ud83c\udfb5\ud83d\udcfa\u2063 \u2063No s\u00e9 a qu\u00e9 edad tus padres te hablaron sobre la sexualidad desde una perspectiva b\u00edblica (y hermosa\ud83d\uddbc\ufe0f). \ud835\udc0f\ud835\udc1e\ud835\udc2b\ud835\udc28 \ud835\udc2d\ud835\udc2e\ud835\udc2c \ud835\udc21\ud835\udc22\ud835\udc23\ud835\udc28\ud835\udc2c \ud835\udc27\ud835\udc1e\ud835\udc1c\ud835\udc1e\ud835\udc2c\ud835\udc22\ud835\udc2d\ud835\udc1a \ud835\udc22\ud835\udc27\ud835\udc2c\ud835\udc2d\ud835\udc2b\ud835\udc2e\ud835\udc1c\ud835\udc1c\ud835\udc22\ud835\udc28\u0301\ud835\udc27 \ud835\udc1a \ud835\udc29\ud835\udc1a\ud835\udc2b\ud835\udc2d\ud835\udc22\ud835\udc2b \ud835\udc1d\ud835\udc1e \ud835\udc25\ud835\udc28\ud835\udc2c \ud835\udfd1 \ud835\udc1a\u00f1\ud835\udc28\ud835\udc2c.\u2063 \u2063No esperes\" \/>\n<meta property=\"og:url\" content=\"https:\/\/www.puralibertad.org\/es\/producto\/como-hablar-con-tus-hijos-sobre-sexualidad\/\" \/>\n<meta property=\"og:site_name\" content=\"PURA LIBERTAD\" \/>\n<meta property=\"article:modified_time\" content=\"2024-03-24T17:06:15+00:00\" \/>\n<meta property=\"og:image\" content=\"https:\/\/www.puralibertad.org\/wp-content\/uploads\/2022\/05\/273482950_311504934361124_3367954149468874068_n.jpg\" \/>\n\t<meta property=\"og:image:width\" content=\"1080\" \/>\n\t<meta property=\"og:image:height\" content=\"1080\" \/>\n\t<meta property=\"og:image:type\" content=\"image\/jpeg\" \/>\n<meta name=\"twitter:card\" content=\"summary_large_image\" \/>\n<meta name=\"twitter:label1\" content=\"Tiempo de lectura\" \/>\n\t<meta name=\"twitter:data1\" content=\"1 minuto\" \/>\n<script type=\"application\/ld+json\" class=\"yoast-schema-graph\">{\"@context\":\"https:\/\/schema.org\",\"@graph\":[{\"@type\":\"WebPage\",\"@id\":\"https:\/\/www.puralibertad.org\/product\/como-hablar-con-tus-hijos-sobre-sexualidad\/\",\"url\":\"https:\/\/www.puralibertad.org\/product\/como-hablar-con-tus-hijos-sobre-sexualidad\/\",\"name\":\"C\u00f3mo hablar con tus hijos sobre sexualidad - PURA LIBERTAD\",\"isPartOf\":{\"@id\":\"https:\/\/www.puralibertad.org\/#website\"},\"datePublished\":\"2022-05-06T21:19:15+00:00\",\"dateModified\":\"2024-03-24T17:06:15+00:00\",\"breadcrumb\":{\"@id\":\"https:\/\/www.puralibertad.org\/product\/como-hablar-con-tus-hijos-sobre-sexualidad\/#breadcrumb\"},\"inLanguage\":\"es\",\"potentialAction\":[{\"@type\":\"ReadAction\",\"target\":[\"https:\/\/www.puralibertad.org\/product\/como-hablar-con-tus-hijos-sobre-sexualidad\/\"]}]},{\"@type\":\"BreadcrumbList\",\"@id\":\"https:\/\/www.puralibertad.org\/product\/como-hablar-con-tus-hijos-sobre-sexualidad\/#breadcrumb\",\"itemListElement\":[{\"@type\":\"ListItem\",\"position\":1,\"name\":\"Home\",\"item\":\"https:\/\/www.puralibertad.org\/\"},{\"@type\":\"ListItem\",\"position\":2,\"name\":\"C\u00f3mo hablar con tus hijos sobre sexualidad\"}]},{\"@type\":\"WebSite\",\"@id\":\"https:\/\/www.puralibertad.org\/#website\",\"url\":\"https:\/\/www.puralibertad.org\/\",\"name\":\"PURA LIBERTAD\",\"description\":\"Blog\",\"potentialAction\":[{\"@type\":\"SearchAction\",\"target\":{\"@type\":\"EntryPoint\",\"urlTemplate\":\"https:\/\/www.puralibertad.org\/?s={search_term_string}\"},\"query-input\":\"required name=search_term_string\"}],\"inLanguage\":\"es\"}]}<\/script>\n<!-- \/ Yoast SEO plugin. -->","yoast_head_json":{"title":"C\u00f3mo hablar con tus hijos sobre sexualidad - PURA LIBERTAD","robots":{"index":"index","follow":"follow","max-snippet":"max-snippet:-1","max-image-preview":"max-image-preview:large","max-video-preview":"max-video-preview:-1"},"canonical":"https:\/\/www.puralibertad.org\/es\/producto\/como-hablar-con-tus-hijos-sobre-sexualidad\/","og_locale":"es_ES","og_type":"article","og_title":"C\u00f3mo hablar con tus hijos sobre sexualidad - PURA LIBERTAD","og_description":"\u00bfTus hijos saben que la sexualidad es muy buena?\ud83e\udd28 \u2063 \u2063\ud835\udc03\ud835\udc22\ud835\udc28\ud835\udc2c \ud835\udc21\ud835\udc22\ud835\udc33\ud835\udc28 \ud835\udc2d\ud835\udc1a\ud835\udc27 \ud835\udc20\ud835\udc2b\ud835\udc1a\ud835\udc27\ud835\udc1d\ud835\udc22\ud835\udc28\ud835\udc2c\ud835\udc28 \ud835\udc1e\ud835\udc2c\ud835\udc2d\ud835\udc1e \ud835\udc2b\ud835\udc1e\ud835\udc20\ud835\udc1a\ud835\udc25\ud835\udc28 \ud835\udc2a\ud835\udc2e\ud835\udc1e \ud835\udc1e\ud835\udc25 \ud835\udc04\ud835\udc27\ud835\udc1e\ud835\udc26\ud835\udc22\ud835\udc20\ud835\udc28 \ud835\udc2c\ud835\udc1e \ud835\udc21\ud835\udc1a \ud835\udc1e\ud835\udc27\ud835\udc2f\ud835\udc22\ud835\udc1c\ud835\udc22\ud835\udc1a\ud835\udc1d\ud835\udc28 \ud835\udc1e\ud835\udc27 \ud835\udc1d\ud835\udc22\ud835\udc2c\ud835\udc2d\ud835\udc28\ud835\udc2b\ud835\udc2c\ud835\udc22\ud835\udc28\ud835\udc27\ud835\udc1a\ud835\udc2b\ud835\udc25\ud835\udc28\ud83d\ude28\ud83d\udcbb\ud83c\udfac\ud83c\udfb5\ud83d\udcfa\u2063 \u2063No s\u00e9 a qu\u00e9 edad tus padres te hablaron sobre la sexualidad desde una perspectiva b\u00edblica (y hermosa\ud83d\uddbc\ufe0f). \ud835\udc0f\ud835\udc1e\ud835\udc2b\ud835\udc28 \ud835\udc2d\ud835\udc2e\ud835\udc2c \ud835\udc21\ud835\udc22\ud835\udc23\ud835\udc28\ud835\udc2c \ud835\udc27\ud835\udc1e\ud835\udc1c\ud835\udc1e\ud835\udc2c\ud835\udc22\ud835\udc2d\ud835\udc1a \ud835\udc22\ud835\udc27\ud835\udc2c\ud835\udc2d\ud835\udc2b\ud835\udc2e\ud835\udc1c\ud835\udc1c\ud835\udc22\ud835\udc28\u0301\ud835\udc27 \ud835\udc1a \ud835\udc29\ud835\udc1a\ud835\udc2b\ud835\udc2d\ud835\udc22\ud835\udc2b \ud835\udc1d\ud835\udc1e \ud835\udc25\ud835\udc28\ud835\udc2c \ud835\udfd1 \ud835\udc1a\u00f1\ud835\udc28\ud835\udc2c.\u2063 \u2063No esperes","og_url":"https:\/\/www.puralibertad.org\/es\/producto\/como-hablar-con-tus-hijos-sobre-sexualidad\/","og_site_name":"PURA LIBERTAD","article_modified_time":"2024-03-24T17:06:15+00:00","og_image":[{"width":1080,"height":1080,"url":"https:\/\/www.puralibertad.org\/wp-content\/uploads\/2022\/05\/273482950_311504934361124_3367954149468874068_n.jpg","type":"image\/jpeg"}],"twitter_card":"summary_large_image","twitter_misc":{"Tiempo de lectura":"1 minuto"},"schema":{"@context":"https:\/\/schema.org","@graph":[{"@type":"WebPage","@id":"https:\/\/www.puralibertad.org\/product\/como-hablar-con-tus-hijos-sobre-sexualidad\/","url":"https:\/\/www.puralibertad.org\/product\/como-hablar-con-tus-hijos-sobre-sexualidad\/","name":"C\u00f3mo hablar con tus hijos sobre sexualidad - PURA LIBERTAD","isPartOf":{"@id":"https:\/\/www.puralibertad.org\/#website"},"datePublished":"2022-05-06T21:19:15+00:00","dateModified":"2024-03-24T17:06:15+00:00","breadcrumb":{"@id":"https:\/\/www.puralibertad.org\/product\/como-hablar-con-tus-hijos-sobre-sexualidad\/#breadcrumb"},"inLanguage":"es","potentialAction":[{"@type":"ReadAction","target":["https:\/\/www.puralibertad.org\/product\/como-hablar-con-tus-hijos-sobre-sexualidad\/"]}]},{"@type":"BreadcrumbList","@id":"https:\/\/www.puralibertad.org\/product\/como-hablar-con-tus-hijos-sobre-sexualidad\/#breadcrumb","itemListElement":[{"@type":"ListItem","position":1,"name":"Home","item":"https:\/\/www.puralibertad.org\/"},{"@type":"ListItem","position":2,"name":"C\u00f3mo hablar con tus hijos sobre sexualidad"}]},{"@type":"WebSite","@id":"https:\/\/www.puralibertad.org\/#website","url":"https:\/\/www.puralibertad.org\/","name":"PURA LIBERTAD","description":"Blog","potentialAction":[{"@type":"SearchAction","target":{"@type":"EntryPoint","urlTemplate":"https:\/\/www.puralibertad.org\/?s={search_term_string}"},"query-input":"required name=search_term_string"}],"inLanguage":"es"}]}},"jetpack_sharing_enabled":true,"_links":{"self":[{"href":"https:\/\/www.puralibertad.org\/es\/wp-json\/wp\/v2\/product\/7144"}],"collection":[{"href":"https:\/\/www.puralibertad.org\/es\/wp-json\/wp\/v2\/product"}],"about":[{"href":"https:\/\/www.puralibertad.org\/es\/wp-json\/wp\/v2\/types\/product"}],"replies":[{"embeddable":true,"href":"https:\/\/www.puralibertad.org\/es\/wp-json\/wp\/v2\/comments?post=7144"}],"wp:featuredmedia":[{"embeddable":true,"href":"https:\/\/www.puralibertad.org\/es\/wp-json\/wp\/v2\/media\/7143"}],"wp:attachment":[{"href":"https:\/\/www.puralibertad.org\/es\/wp-json\/wp\/v2\/media?parent=7144"}],"wp:term":[{"taxonomy":"product_cat","embeddable":true,"href":"https:\/\/www.puralibertad.org\/es\/wp-json\/wp\/v2\/product_cat?post=7144"},{"taxonomy":"product_tag","embeddable":true,"href":"https:\/\/www.puralibertad.org\/es\/wp-json\/wp\/v2\/product_tag?post=7144"}],"curies":[{"name":"wp","href":"https:\/\/api.w.org\/{rel}","templated":true}]}}