{"id":7154,"date":"2022-05-06T18:12:49","date_gmt":"2022-05-06T22:12:49","guid":{"rendered":"https:\/\/www.puralibertad.org\/?post_type=product&#038;p=7154"},"modified":"2024-09-19T21:28:11","modified_gmt":"2024-09-20T01:28:11","slug":"devocional-de-belleza-verdadera-experiencia-madre-e-hija","status":"publish","type":"product","link":"https:\/\/www.puralibertad.org\/es\/producto\/devocional-de-belleza-verdadera-experiencia-madre-e-hija\/","title":{"rendered":"Devocional de Belleza Verdadera| Experiencia Madre e Hija"},"content":{"rendered":"<div class=\"p-rich_text_section\">Devocional para Madre\/hija con experiencias para colorear,\u00a0de Chica Verdadera. Este material digital descargable es una herramienta basada en el estudio del libro True Girl: The power of modesty for tweens. Durante cada semana devocional, les ayudar\u00e9 a:<\/div>\n<div><\/div>\n<ul class=\"p-rich_text_list p-rich_text_list__bullet\" data-stringify-type=\"unordered-list\" data-indent=\"0\">\n<li data-stringify-indent=\"0\">Mejorar TU entendimiento acerca de la belleza verdadera y la modestia.<\/li>\n<li data-stringify-indent=\"0\">Renovar TU relaci\u00f3n de amor con Jes\u00fas, a trav\u00e9s de cinco sencillos devocionales diarios.<\/li>\n<li data-stringify-indent=\"0\">Fortalecer TU relaci\u00f3n de madre\/hija, mientras hablan acerca de la belleza verdadera, la modestia finalizando la semana con \u00a1una experiencia para colorear!<\/li>\n<\/ul>","protected":false},"excerpt":{"rendered":"excerpt","protected":false},"featured_media":7155,"comment_status":"open","ping_status":"closed","template":"","meta":{"_mi_skip_tracking":false,"_monsterinsights_sitenote_active":false,"_monsterinsights_sitenote_note":"","_monsterinsights_sitenote_category":0,"episode_type":"","audio_file":"","cover_image":"","cover_image_id":"","duration":"","filesize":"","date_recorded":"","explicit":"","block":"","filesize_raw":""},"product_cat":[82,81],"product_tag":[],"yoast_head":"<!-- This site is optimized with the Yoast SEO plugin v21.3 - https:\/\/yoast.com\/wordpress\/plugins\/seo\/ -->\n<title>Devocional de Belleza Verdadera| Experiencia Madre e Hija - PURA LIBERTAD<\/title>\n<meta name=\"robots\" content=\"index, follow, max-snippet:-1, max-image-preview:large, max-video-preview:-1\" \/>\n<link rel=\"canonical\" href=\"https:\/\/www.puralibertad.org\/es\/producto\/devocional-de-belleza-verdadera-experiencia-madre-e-hija\/\" \/>\n<meta property=\"og:locale\" content=\"es_ES\" \/>\n<meta property=\"og:type\" content=\"article\" \/>\n<meta property=\"og:title\" content=\"Devocional de Belleza Verdadera| Experiencia Madre e Hija - PURA LIBERTAD\" \/>\n<meta property=\"og:description\" content=\"Devocional para Madre\/hija con experiencias para colorear,\u00a0de Chica Verdadera. Este material digital descargable es una herramienta basada en el estudio del libro True Girl: The power of modesty for tweens. Durante cada semana devocional, les ayudar\u00e9 a: Mejorar TU entendimiento acerca de la belleza verdadera y la modestia. Renovar TU relaci\u00f3n de amor con Jes\u00fas,\" \/>\n<meta property=\"og:url\" content=\"https:\/\/www.puralibertad.org\/es\/producto\/devocional-de-belleza-verdadera-experiencia-madre-e-hija\/\" \/>\n<meta property=\"og:site_name\" content=\"PURA LIBERTAD\" \/>\n<meta property=\"article:modified_time\" content=\"2024-09-20T01:28:11+00:00\" \/>\n<meta property=\"og:image\" content=\"https:\/\/www.puralibertad.org\/wp-content\/uploads\/2022\/05\/SPANISH-insta-stories-Posts-1.png\" \/>\n\t<meta property=\"og:image:width\" content=\"1080\" \/>\n\t<meta property=\"og:image:height\" content=\"1080\" \/>\n\t<meta property=\"og:image:type\" content=\"image\/png\" \/>\n<meta name=\"twitter:card\" content=\"summary_large_image\" \/>\n<meta name=\"twitter:label1\" content=\"Tiempo de lectura\" \/>\n\t<meta name=\"twitter:data1\" content=\"1 minuto\" \/>\n<script type=\"application\/ld+json\" class=\"yoast-schema-graph\">{\"@context\":\"https:\/\/schema.org\",\"@graph\":[{\"@type\":\"WebPage\",\"@id\":\"https:\/\/www.puralibertad.org\/product\/devocional-de-belleza-verdadera-experiencia-madre-e-hija\/\",\"url\":\"https:\/\/www.puralibertad.org\/product\/devocional-de-belleza-verdadera-experiencia-madre-e-hija\/\",\"name\":\"Devocional de Belleza Verdadera| Experiencia Madre e Hija - PURA LIBERTAD\",\"isPartOf\":{\"@id\":\"https:\/\/www.puralibertad.org\/#website\"},\"datePublished\":\"2022-05-06T22:12:49+00:00\",\"dateModified\":\"2024-09-20T01:28:11+00:00\",\"breadcrumb\":{\"@id\":\"https:\/\/www.puralibertad.org\/product\/devocional-de-belleza-verdadera-experiencia-madre-e-hija\/#breadcrumb\"},\"inLanguage\":\"es\",\"potentialAction\":[{\"@type\":\"ReadAction\",\"target\":[\"https:\/\/www.puralibertad.org\/product\/devocional-de-belleza-verdadera-experiencia-madre-e-hija\/\"]}]},{\"@type\":\"BreadcrumbList\",\"@id\":\"https:\/\/www.puralibertad.org\/product\/devocional-de-belleza-verdadera-experiencia-madre-e-hija\/#breadcrumb\",\"itemListElement\":[{\"@type\":\"ListItem\",\"position\":1,\"name\":\"Home\",\"item\":\"https:\/\/www.puralibertad.org\/\"},{\"@type\":\"ListItem\",\"position\":2,\"name\":\"Devocional de Belleza Verdadera| Experiencia Madre e Hija\"}]},{\"@type\":\"WebSite\",\"@id\":\"https:\/\/www.puralibertad.org\/#website\",\"url\":\"https:\/\/www.puralibertad.org\/\",\"name\":\"PURA LIBERTAD\",\"description\":\"Blog\",\"potentialAction\":[{\"@type\":\"SearchAction\",\"target\":{\"@type\":\"EntryPoint\",\"urlTemplate\":\"https:\/\/www.puralibertad.org\/?s={search_term_string}\"},\"query-input\":\"required name=search_term_string\"}],\"inLanguage\":\"es\"}]}<\/script>\n<!-- \/ Yoast SEO plugin. -->","yoast_head_json":{"title":"Devocional de Belleza Verdadera| Experiencia Madre e Hija - PURA LIBERTAD","robots":{"index":"index","follow":"follow","max-snippet":"max-snippet:-1","max-image-preview":"max-image-preview:large","max-video-preview":"max-video-preview:-1"},"canonical":"https:\/\/www.puralibertad.org\/es\/producto\/devocional-de-belleza-verdadera-experiencia-madre-e-hija\/","og_locale":"es_ES","og_type":"article","og_title":"Devocional de Belleza Verdadera| Experiencia Madre e Hija - PURA LIBERTAD","og_description":"Devocional para Madre\/hija con experiencias para colorear,\u00a0de Chica Verdadera. Este material digital descargable es una herramienta basada en el estudio del libro True Girl: The power of modesty for tweens. Durante cada semana devocional, les ayudar\u00e9 a: Mejorar TU entendimiento acerca de la belleza verdadera y la modestia. Renovar TU relaci\u00f3n de amor con Jes\u00fas,","og_url":"https:\/\/www.puralibertad.org\/es\/producto\/devocional-de-belleza-verdadera-experiencia-madre-e-hija\/","og_site_name":"PURA LIBERTAD","article_modified_time":"2024-09-20T01:28:11+00:00","og_image":[{"width":1080,"height":1080,"url":"https:\/\/www.puralibertad.org\/wp-content\/uploads\/2022\/05\/SPANISH-insta-stories-Posts-1.png","type":"image\/png"}],"twitter_card":"summary_large_image","twitter_misc":{"Tiempo de lectura":"1 minuto"},"schema":{"@context":"https:\/\/schema.org","@graph":[{"@type":"WebPage","@id":"https:\/\/www.puralibertad.org\/product\/devocional-de-belleza-verdadera-experiencia-madre-e-hija\/","url":"https:\/\/www.puralibertad.org\/product\/devocional-de-belleza-verdadera-experiencia-madre-e-hija\/","name":"Devocional de Belleza Verdadera| Experiencia Madre e Hija - PURA LIBERTAD","isPartOf":{"@id":"https:\/\/www.puralibertad.org\/#website"},"datePublished":"2022-05-06T22:12:49+00:00","dateModified":"2024-09-20T01:28:11+00:00","breadcrumb":{"@id":"https:\/\/www.puralibertad.org\/product\/devocional-de-belleza-verdadera-experiencia-madre-e-hija\/#breadcrumb"},"inLanguage":"es","potentialAction":[{"@type":"ReadAction","target":["https:\/\/www.puralibertad.org\/product\/devocional-de-belleza-verdadera-experiencia-madre-e-hija\/"]}]},{"@type":"BreadcrumbList","@id":"https:\/\/www.puralibertad.org\/product\/devocional-de-belleza-verdadera-experiencia-madre-e-hija\/#breadcrumb","itemListElement":[{"@type":"ListItem","position":1,"name":"Home","item":"https:\/\/www.puralibertad.org\/"},{"@type":"ListItem","position":2,"name":"Devocional de Belleza Verdadera| Experiencia Madre e Hija"}]},{"@type":"WebSite","@id":"https:\/\/www.puralibertad.org\/#website","url":"https:\/\/www.puralibertad.org\/","name":"PURA LIBERTAD","description":"Blog","potentialAction":[{"@type":"SearchAction","target":{"@type":"EntryPoint","urlTemplate":"https:\/\/www.puralibertad.org\/?s={search_term_string}"},"query-input":"required name=search_term_string"}],"inLanguage":"es"}]}},"jetpack_sharing_enabled":true,"_links":{"self":[{"href":"https:\/\/www.puralibertad.org\/es\/wp-json\/wp\/v2\/product\/7154"}],"collection":[{"href":"https:\/\/www.puralibertad.org\/es\/wp-json\/wp\/v2\/product"}],"about":[{"href":"https:\/\/www.puralibertad.org\/es\/wp-json\/wp\/v2\/types\/product"}],"replies":[{"embeddable":true,"href":"https:\/\/www.puralibertad.org\/es\/wp-json\/wp\/v2\/comments?post=7154"}],"wp:featuredmedia":[{"embeddable":true,"href":"https:\/\/www.puralibertad.org\/es\/wp-json\/wp\/v2\/media\/7155"}],"wp:attachment":[{"href":"https:\/\/www.puralibertad.org\/es\/wp-json\/wp\/v2\/media?parent=7154"}],"wp:term":[{"taxonomy":"product_cat","embeddable":true,"href":"https:\/\/www.puralibertad.org\/es\/wp-json\/wp\/v2\/product_cat?post=7154"},{"taxonomy":"product_tag","embeddable":true,"href":"https:\/\/www.puralibertad.org\/es\/wp-json\/wp\/v2\/product_tag?post=7154"}],"curies":[{"name":"wp","href":"https:\/\/api.w.org\/{rel}","templated":true}]}}