{"id":7157,"date":"2022-05-06T18:24:54","date_gmt":"2022-05-06T22:24:54","guid":{"rendered":"https:\/\/www.puralibertad.org\/?post_type=product&#038;p=7157"},"modified":"2022-08-04T16:27:14","modified_gmt":"2022-08-04T20:27:14","slug":"guia-de-estudio-biblico-para-lideres-material-digital","status":"publish","type":"product","link":"https:\/\/www.puralibertad.org\/es\/producto\/guia-de-estudio-biblico-para-lideres-material-digital\/","title":{"rendered":"Gu\u00eda de estudio b\u00edblico para l\u00edderes| Material Digital"},"content":{"rendered":"<p>Las chicas de hoy se enfrentan a una serie de desaf\u00edos que nunca enfrentamos a su edad.<\/p>\n<p>Desde el aumento vertiginoso de las tasas de ansiedad hasta el acoso en las redes sociales, las mentiras del enemigo est\u00e1n en todas partes.<\/p>\n<p>\u00bfC\u00f3mo ayudas a las chicas que amas a caminar en libertad? Equ\u00edpalas con la verdad.<\/p>\n<p>Marlene Luna y Sara Luna te traen una gu\u00eda del estudio b\u00edblico virtual Mentiras que las ni\u00f1as creen escrito por Dannah Gresh.<\/p>\n<p>Este estudio b\u00edblico ser\u00e1 de gran edificaci\u00f3n para las chicas. El libro es f\u00e1cil de leer e involucra a las chicas en las veinte verdades m\u00e1s importantes.<\/p>\n<p>Incluye secciones divertidas para que ella aprenda a resolver problemas y est\u00e1 repleta de sabidur\u00eda, encuestas, momentos especiales para madres e hijas y gr\u00e1ficos que la ayudar\u00e1n a absorber el mensaje.<\/p>\n<p>Mentiras que las ni\u00f1as creen est\u00e1 dise\u00f1ado para ayudar a las madres junto a sus hijas a comprender completamente la Verdad para que pueda vivir de la manera que Dios quiso que ella viviera, \u00a1libre!<\/p>\n<p>Este estudio b\u00edblico virtual ser\u00e1 de 6 semanas para ni\u00f1as de 7 a 12 a\u00f1os, hemos tomado nuestros videos en vivo del estudio que impartimos y los hemos empaquetado en grabaciones convenientes para que usted y su hija, o todo su grupo peque\u00f1o de la iglesia, escuela o su comunidad lo disfruten.<\/p>\n<p>Este estudio cubre temas como:<br \/>\n-Mentiras sobre la fe<br \/>\n-Mentiras sobre la amistad<br \/>\n-Mentiras sobre el futuro<br \/>\n-\u00a1y m\u00e1s!<\/p>","protected":false},"excerpt":{"rendered":"excerpt","protected":false},"featured_media":7159,"comment_status":"open","ping_status":"closed","template":"","meta":{"_mi_skip_tracking":false,"_monsterinsights_sitenote_active":false,"_monsterinsights_sitenote_note":"","_monsterinsights_sitenote_category":0,"episode_type":"","audio_file":"","cover_image":"","cover_image_id":"","duration":"","filesize":"","date_recorded":"","explicit":"","block":"","filesize_raw":""},"product_cat":[64],"product_tag":[],"yoast_head":"<!-- This site is optimized with the Yoast SEO plugin v21.3 - https:\/\/yoast.com\/wordpress\/plugins\/seo\/ -->\n<title>Gu\u00eda de estudio b\u00edblico para l\u00edderes| Material Digital - PURA LIBERTAD<\/title>\n<meta name=\"robots\" content=\"index, follow, max-snippet:-1, max-image-preview:large, max-video-preview:-1\" \/>\n<link rel=\"canonical\" href=\"https:\/\/www.puralibertad.org\/es\/producto\/guia-de-estudio-biblico-para-lideres-material-digital\/\" \/>\n<meta property=\"og:locale\" content=\"es_ES\" \/>\n<meta property=\"og:type\" content=\"article\" \/>\n<meta property=\"og:title\" content=\"Gu\u00eda de estudio b\u00edblico para l\u00edderes| Material Digital - PURA LIBERTAD\" \/>\n<meta property=\"og:description\" content=\"Las chicas de hoy se enfrentan a una serie de desaf\u00edos que nunca enfrentamos a su edad. Desde el aumento vertiginoso de las tasas de ansiedad hasta el acoso en las redes sociales, las mentiras del enemigo est\u00e1n en todas partes. \u00bfC\u00f3mo ayudas a las chicas que amas a caminar en libertad? Equ\u00edpalas con la\" \/>\n<meta property=\"og:url\" content=\"https:\/\/www.puralibertad.org\/es\/producto\/guia-de-estudio-biblico-para-lideres-material-digital\/\" \/>\n<meta property=\"og:site_name\" content=\"PURA LIBERTAD\" \/>\n<meta property=\"article:modified_time\" content=\"2022-08-04T20:27:14+00:00\" \/>\n<meta property=\"og:image\" content=\"https:\/\/www.puralibertad.org\/wp-content\/uploads\/2022\/05\/guia-de-estudio-biblico.png\" \/>\n\t<meta property=\"og:image:width\" content=\"800\" \/>\n\t<meta property=\"og:image:height\" content=\"800\" \/>\n\t<meta property=\"og:image:type\" content=\"image\/png\" \/>\n<meta name=\"twitter:card\" content=\"summary_large_image\" \/>\n<meta name=\"twitter:label1\" content=\"Tiempo de lectura\" \/>\n\t<meta name=\"twitter:data1\" content=\"1 minuto\" \/>\n<script type=\"application\/ld+json\" class=\"yoast-schema-graph\">{\"@context\":\"https:\/\/schema.org\",\"@graph\":[{\"@type\":\"WebPage\",\"@id\":\"https:\/\/www.puralibertad.org\/es\/producto\/guia-de-estudio-biblico-para-lideres-material-digital\/\",\"url\":\"https:\/\/www.puralibertad.org\/es\/producto\/guia-de-estudio-biblico-para-lideres-material-digital\/\",\"name\":\"Gu\u00eda de estudio b\u00edblico para l\u00edderes| Material Digital - PURA LIBERTAD\",\"isPartOf\":{\"@id\":\"https:\/\/www.puralibertad.org\/#website\"},\"datePublished\":\"2022-05-06T22:24:54+00:00\",\"dateModified\":\"2022-08-04T20:27:14+00:00\",\"breadcrumb\":{\"@id\":\"https:\/\/www.puralibertad.org\/es\/producto\/guia-de-estudio-biblico-para-lideres-material-digital\/#breadcrumb\"},\"inLanguage\":\"es\",\"potentialAction\":[{\"@type\":\"ReadAction\",\"target\":[\"https:\/\/www.puralibertad.org\/es\/producto\/guia-de-estudio-biblico-para-lideres-material-digital\/\"]}]},{\"@type\":\"BreadcrumbList\",\"@id\":\"https:\/\/www.puralibertad.org\/es\/producto\/guia-de-estudio-biblico-para-lideres-material-digital\/#breadcrumb\",\"itemListElement\":[{\"@type\":\"ListItem\",\"position\":1,\"name\":\"Home\",\"item\":\"https:\/\/www.puralibertad.org\/\"},{\"@type\":\"ListItem\",\"position\":2,\"name\":\"Gu\u00eda de estudio b\u00edblico para l\u00edderes| Material Digital\"}]},{\"@type\":\"WebSite\",\"@id\":\"https:\/\/www.puralibertad.org\/#website\",\"url\":\"https:\/\/www.puralibertad.org\/\",\"name\":\"PURA LIBERTAD\",\"description\":\"Blog\",\"potentialAction\":[{\"@type\":\"SearchAction\",\"target\":{\"@type\":\"EntryPoint\",\"urlTemplate\":\"https:\/\/www.puralibertad.org\/?s={search_term_string}\"},\"query-input\":\"required name=search_term_string\"}],\"inLanguage\":\"es\"}]}<\/script>\n<!-- \/ Yoast SEO plugin. -->","yoast_head_json":{"title":"Gu\u00eda de estudio b\u00edblico para l\u00edderes| Material Digital - PURA LIBERTAD","robots":{"index":"index","follow":"follow","max-snippet":"max-snippet:-1","max-image-preview":"max-image-preview:large","max-video-preview":"max-video-preview:-1"},"canonical":"https:\/\/www.puralibertad.org\/es\/producto\/guia-de-estudio-biblico-para-lideres-material-digital\/","og_locale":"es_ES","og_type":"article","og_title":"Gu\u00eda de estudio b\u00edblico para l\u00edderes| Material Digital - PURA LIBERTAD","og_description":"Las chicas de hoy se enfrentan a una serie de desaf\u00edos que nunca enfrentamos a su edad. Desde el aumento vertiginoso de las tasas de ansiedad hasta el acoso en las redes sociales, las mentiras del enemigo est\u00e1n en todas partes. \u00bfC\u00f3mo ayudas a las chicas que amas a caminar en libertad? Equ\u00edpalas con la","og_url":"https:\/\/www.puralibertad.org\/es\/producto\/guia-de-estudio-biblico-para-lideres-material-digital\/","og_site_name":"PURA LIBERTAD","article_modified_time":"2022-08-04T20:27:14+00:00","og_image":[{"width":800,"height":800,"url":"https:\/\/www.puralibertad.org\/wp-content\/uploads\/2022\/05\/guia-de-estudio-biblico.png","type":"image\/png"}],"twitter_card":"summary_large_image","twitter_misc":{"Tiempo de lectura":"1 minuto"},"schema":{"@context":"https:\/\/schema.org","@graph":[{"@type":"WebPage","@id":"https:\/\/www.puralibertad.org\/es\/producto\/guia-de-estudio-biblico-para-lideres-material-digital\/","url":"https:\/\/www.puralibertad.org\/es\/producto\/guia-de-estudio-biblico-para-lideres-material-digital\/","name":"Gu\u00eda de estudio b\u00edblico para l\u00edderes| Material Digital - PURA LIBERTAD","isPartOf":{"@id":"https:\/\/www.puralibertad.org\/#website"},"datePublished":"2022-05-06T22:24:54+00:00","dateModified":"2022-08-04T20:27:14+00:00","breadcrumb":{"@id":"https:\/\/www.puralibertad.org\/es\/producto\/guia-de-estudio-biblico-para-lideres-material-digital\/#breadcrumb"},"inLanguage":"es","potentialAction":[{"@type":"ReadAction","target":["https:\/\/www.puralibertad.org\/es\/producto\/guia-de-estudio-biblico-para-lideres-material-digital\/"]}]},{"@type":"BreadcrumbList","@id":"https:\/\/www.puralibertad.org\/es\/producto\/guia-de-estudio-biblico-para-lideres-material-digital\/#breadcrumb","itemListElement":[{"@type":"ListItem","position":1,"name":"Home","item":"https:\/\/www.puralibertad.org\/"},{"@type":"ListItem","position":2,"name":"Gu\u00eda de estudio b\u00edblico para l\u00edderes| Material Digital"}]},{"@type":"WebSite","@id":"https:\/\/www.puralibertad.org\/#website","url":"https:\/\/www.puralibertad.org\/","name":"PURA LIBERTAD","description":"Blog","potentialAction":[{"@type":"SearchAction","target":{"@type":"EntryPoint","urlTemplate":"https:\/\/www.puralibertad.org\/?s={search_term_string}"},"query-input":"required name=search_term_string"}],"inLanguage":"es"}]}},"jetpack_sharing_enabled":true,"_links":{"self":[{"href":"https:\/\/www.puralibertad.org\/es\/wp-json\/wp\/v2\/product\/7157"}],"collection":[{"href":"https:\/\/www.puralibertad.org\/es\/wp-json\/wp\/v2\/product"}],"about":[{"href":"https:\/\/www.puralibertad.org\/es\/wp-json\/wp\/v2\/types\/product"}],"replies":[{"embeddable":true,"href":"https:\/\/www.puralibertad.org\/es\/wp-json\/wp\/v2\/comments?post=7157"}],"wp:featuredmedia":[{"embeddable":true,"href":"https:\/\/www.puralibertad.org\/es\/wp-json\/wp\/v2\/media\/7159"}],"wp:attachment":[{"href":"https:\/\/www.puralibertad.org\/es\/wp-json\/wp\/v2\/media?parent=7157"}],"wp:term":[{"taxonomy":"product_cat","embeddable":true,"href":"https:\/\/www.puralibertad.org\/es\/wp-json\/wp\/v2\/product_cat?post=7157"},{"taxonomy":"product_tag","embeddable":true,"href":"https:\/\/www.puralibertad.org\/es\/wp-json\/wp\/v2\/product_tag?post=7157"}],"curies":[{"name":"wp","href":"https:\/\/api.w.org\/{rel}","templated":true}]}}