{"id":7398,"date":"2022-06-10T12:13:28","date_gmt":"2022-06-10T16:13:28","guid":{"rendered":"https:\/\/www.puralibertad.org\/?post_type=product&#038;p=7398"},"modified":"2022-08-04T16:27:14","modified_gmt":"2022-08-04T20:27:14","slug":"mentiras-que-las-ninas-creen-libro-fisico","status":"publish","type":"product","link":"https:\/\/www.puralibertad.org\/es\/producto\/mentiras-que-las-ninas-creen-libro-fisico\/","title":{"rendered":"Mentiras Que Las Ni\u00f1as Creen| Libro F\u00edsico"},"content":{"rendered":"<p>Las ni\u00f1as de hoy se enfrentan a una serie de desaf\u00edos que nunca enfrentamos a su edad.<\/p>\n<p>Desde el aumento vertiginoso de las tasas de ansiedad hasta el acoso en las redes sociales, las mentiras del enemigo est\u00e1n en todas partes.<\/p>\n<p>\u00bfC\u00f3mo ayudas a la ni\u00f1a que amas a caminar en libertad?<\/p>\n<p>Equ\u00edpala con la verdad.<\/p>\n<p><a href=\"https:\/\/www.puralibertad.org\/es\/chica-verdadera\/conocenos\/\">Dannah Gresh<\/a> te trae\u00a0<em>Mentiras que las ni\u00f1as creen<\/em>. Este libro divertido y f\u00e1cil de leer involucra a tu hija en las veinte verdades m\u00e1s importantes que necesita.<\/p>\n<p>Incluye divertidas secciones para que ella aprenda a resolver problemas y est\u00e1 repleta de sabidur\u00eda, cuestionarios, juegos, citas y gr\u00e1ficos que la ayudar\u00e1n a absorber el mensaje.<\/p>\n<p><em>Mentiras que las ni\u00f1as creen\u00a0<\/em>est\u00e1 dise\u00f1ado para ayudar a tu hija de 7- 12 a\u00f1os a comprender completamente la Verdad para que pueda vivir de la manera que Dios quiso que ella viviera, \u00a1libre!<\/p>\n<p><strong>Para chicas preadolescentes\u2b50<\/strong><\/p>","protected":false},"excerpt":{"rendered":"excerpt","protected":false},"featured_media":7401,"comment_status":"open","ping_status":"closed","template":"","meta":{"_mi_skip_tracking":false,"_monsterinsights_sitenote_active":false,"_monsterinsights_sitenote_note":"","_monsterinsights_sitenote_category":0,"episode_type":"","audio_file":"","cover_image":"","cover_image_id":"","duration":"","filesize":"","date_recorded":"","explicit":"","block":"","filesize_raw":""},"product_cat":[64],"product_tag":[],"yoast_head":"<!-- This site is optimized with the Yoast SEO plugin v21.3 - https:\/\/yoast.com\/wordpress\/plugins\/seo\/ -->\n<title>Mentiras Que Las Ni\u00f1as Creen| Libro F\u00edsico - PURA LIBERTAD<\/title>\n<meta name=\"description\" content=\"Mentiras que las ni\u00f1as creen\u00a0est\u00e1 dise\u00f1ado para ayudar a tu hija de 7- 12 a\u00f1os a comprender completamente la Verdad para que pueda vivir de la manera que Dios quiso que ella viviera, \u00a1libre!\" \/>\n<meta name=\"robots\" content=\"index, follow, max-snippet:-1, max-image-preview:large, max-video-preview:-1\" \/>\n<link rel=\"canonical\" href=\"https:\/\/www.puralibertad.org\/es\/producto\/mentiras-que-las-ninas-creen-libro-fisico\/\" \/>\n<meta property=\"og:locale\" content=\"es_ES\" \/>\n<meta property=\"og:type\" content=\"article\" \/>\n<meta property=\"og:title\" content=\"Mentiras Que Las Ni\u00f1as Creen| Libro F\u00edsico - PURA LIBERTAD\" \/>\n<meta property=\"og:description\" content=\"Mentiras que las ni\u00f1as creen\u00a0est\u00e1 dise\u00f1ado para ayudar a tu hija de 7- 12 a\u00f1os a comprender completamente la Verdad para que pueda vivir de la manera que Dios quiso que ella viviera, \u00a1libre!\" \/>\n<meta property=\"og:url\" content=\"https:\/\/www.puralibertad.org\/es\/producto\/mentiras-que-las-ninas-creen-libro-fisico\/\" \/>\n<meta property=\"og:site_name\" content=\"PURA LIBERTAD\" \/>\n<meta property=\"article:modified_time\" content=\"2022-08-04T20:27:14+00:00\" \/>\n<meta property=\"og:image\" content=\"https:\/\/www.puralibertad.org\/wp-content\/uploads\/2022\/06\/LGB-spanish-600x460-1.jpg\" \/>\n\t<meta property=\"og:image:width\" content=\"600\" \/>\n\t<meta property=\"og:image:height\" content=\"460\" \/>\n\t<meta property=\"og:image:type\" content=\"image\/jpeg\" \/>\n<meta name=\"twitter:card\" content=\"summary_large_image\" \/>\n<meta name=\"twitter:label1\" content=\"Tiempo de lectura\" \/>\n\t<meta name=\"twitter:data1\" content=\"1 minuto\" \/>\n<script type=\"application\/ld+json\" class=\"yoast-schema-graph\">{\"@context\":\"https:\/\/schema.org\",\"@graph\":[{\"@type\":\"WebPage\",\"@id\":\"https:\/\/www.puralibertad.org\/es\/producto\/mentiras-que-las-ninas-creen-libro-fisico\/\",\"url\":\"https:\/\/www.puralibertad.org\/es\/producto\/mentiras-que-las-ninas-creen-libro-fisico\/\",\"name\":\"Mentiras Que Las Ni\u00f1as Creen| Libro F\u00edsico - PURA LIBERTAD\",\"isPartOf\":{\"@id\":\"https:\/\/www.puralibertad.org\/#website\"},\"datePublished\":\"2022-06-10T16:13:28+00:00\",\"dateModified\":\"2022-08-04T20:27:14+00:00\",\"description\":\"Mentiras que las ni\u00f1as creen\u00a0est\u00e1 dise\u00f1ado para ayudar a tu hija de 7- 12 a\u00f1os a comprender completamente la Verdad para que pueda vivir de la manera que Dios quiso que ella viviera, \u00a1libre!\",\"breadcrumb\":{\"@id\":\"https:\/\/www.puralibertad.org\/es\/producto\/mentiras-que-las-ninas-creen-libro-fisico\/#breadcrumb\"},\"inLanguage\":\"es\",\"potentialAction\":[{\"@type\":\"ReadAction\",\"target\":[\"https:\/\/www.puralibertad.org\/es\/producto\/mentiras-que-las-ninas-creen-libro-fisico\/\"]}]},{\"@type\":\"BreadcrumbList\",\"@id\":\"https:\/\/www.puralibertad.org\/es\/producto\/mentiras-que-las-ninas-creen-libro-fisico\/#breadcrumb\",\"itemListElement\":[{\"@type\":\"ListItem\",\"position\":1,\"name\":\"Home\",\"item\":\"https:\/\/www.puralibertad.org\/\"},{\"@type\":\"ListItem\",\"position\":2,\"name\":\"Mentiras Que Las Ni\u00f1as Creen| Libro F\u00edsico\"}]},{\"@type\":\"WebSite\",\"@id\":\"https:\/\/www.puralibertad.org\/#website\",\"url\":\"https:\/\/www.puralibertad.org\/\",\"name\":\"PURA LIBERTAD\",\"description\":\"Blog\",\"potentialAction\":[{\"@type\":\"SearchAction\",\"target\":{\"@type\":\"EntryPoint\",\"urlTemplate\":\"https:\/\/www.puralibertad.org\/?s={search_term_string}\"},\"query-input\":\"required name=search_term_string\"}],\"inLanguage\":\"es\"}]}<\/script>\n<!-- \/ Yoast SEO plugin. -->","yoast_head_json":{"title":"Mentiras Que Las Ni\u00f1as Creen| Libro F\u00edsico - PURA LIBERTAD","description":"Mentiras que las ni\u00f1as creen\u00a0est\u00e1 dise\u00f1ado para ayudar a tu hija de 7- 12 a\u00f1os a comprender completamente la Verdad para que pueda vivir de la manera que Dios quiso que ella viviera, \u00a1libre!","robots":{"index":"index","follow":"follow","max-snippet":"max-snippet:-1","max-image-preview":"max-image-preview:large","max-video-preview":"max-video-preview:-1"},"canonical":"https:\/\/www.puralibertad.org\/es\/producto\/mentiras-que-las-ninas-creen-libro-fisico\/","og_locale":"es_ES","og_type":"article","og_title":"Mentiras Que Las Ni\u00f1as Creen| Libro F\u00edsico - PURA LIBERTAD","og_description":"Mentiras que las ni\u00f1as creen\u00a0est\u00e1 dise\u00f1ado para ayudar a tu hija de 7- 12 a\u00f1os a comprender completamente la Verdad para que pueda vivir de la manera que Dios quiso que ella viviera, \u00a1libre!","og_url":"https:\/\/www.puralibertad.org\/es\/producto\/mentiras-que-las-ninas-creen-libro-fisico\/","og_site_name":"PURA LIBERTAD","article_modified_time":"2022-08-04T20:27:14+00:00","og_image":[{"width":600,"height":460,"url":"https:\/\/www.puralibertad.org\/wp-content\/uploads\/2022\/06\/LGB-spanish-600x460-1.jpg","type":"image\/jpeg"}],"twitter_card":"summary_large_image","twitter_misc":{"Tiempo de lectura":"1 minuto"},"schema":{"@context":"https:\/\/schema.org","@graph":[{"@type":"WebPage","@id":"https:\/\/www.puralibertad.org\/es\/producto\/mentiras-que-las-ninas-creen-libro-fisico\/","url":"https:\/\/www.puralibertad.org\/es\/producto\/mentiras-que-las-ninas-creen-libro-fisico\/","name":"Mentiras Que Las Ni\u00f1as Creen| Libro F\u00edsico - PURA LIBERTAD","isPartOf":{"@id":"https:\/\/www.puralibertad.org\/#website"},"datePublished":"2022-06-10T16:13:28+00:00","dateModified":"2022-08-04T20:27:14+00:00","description":"Mentiras que las ni\u00f1as creen\u00a0est\u00e1 dise\u00f1ado para ayudar a tu hija de 7- 12 a\u00f1os a comprender completamente la Verdad para que pueda vivir de la manera que Dios quiso que ella viviera, \u00a1libre!","breadcrumb":{"@id":"https:\/\/www.puralibertad.org\/es\/producto\/mentiras-que-las-ninas-creen-libro-fisico\/#breadcrumb"},"inLanguage":"es","potentialAction":[{"@type":"ReadAction","target":["https:\/\/www.puralibertad.org\/es\/producto\/mentiras-que-las-ninas-creen-libro-fisico\/"]}]},{"@type":"BreadcrumbList","@id":"https:\/\/www.puralibertad.org\/es\/producto\/mentiras-que-las-ninas-creen-libro-fisico\/#breadcrumb","itemListElement":[{"@type":"ListItem","position":1,"name":"Home","item":"https:\/\/www.puralibertad.org\/"},{"@type":"ListItem","position":2,"name":"Mentiras Que Las Ni\u00f1as Creen| Libro F\u00edsico"}]},{"@type":"WebSite","@id":"https:\/\/www.puralibertad.org\/#website","url":"https:\/\/www.puralibertad.org\/","name":"PURA LIBERTAD","description":"Blog","potentialAction":[{"@type":"SearchAction","target":{"@type":"EntryPoint","urlTemplate":"https:\/\/www.puralibertad.org\/?s={search_term_string}"},"query-input":"required name=search_term_string"}],"inLanguage":"es"}]}},"jetpack_sharing_enabled":true,"_links":{"self":[{"href":"https:\/\/www.puralibertad.org\/es\/wp-json\/wp\/v2\/product\/7398"}],"collection":[{"href":"https:\/\/www.puralibertad.org\/es\/wp-json\/wp\/v2\/product"}],"about":[{"href":"https:\/\/www.puralibertad.org\/es\/wp-json\/wp\/v2\/types\/product"}],"replies":[{"embeddable":true,"href":"https:\/\/www.puralibertad.org\/es\/wp-json\/wp\/v2\/comments?post=7398"}],"wp:featuredmedia":[{"embeddable":true,"href":"https:\/\/www.puralibertad.org\/es\/wp-json\/wp\/v2\/media\/7401"}],"wp:attachment":[{"href":"https:\/\/www.puralibertad.org\/es\/wp-json\/wp\/v2\/media?parent=7398"}],"wp:term":[{"taxonomy":"product_cat","embeddable":true,"href":"https:\/\/www.puralibertad.org\/es\/wp-json\/wp\/v2\/product_cat?post=7398"},{"taxonomy":"product_tag","embeddable":true,"href":"https:\/\/www.puralibertad.org\/es\/wp-json\/wp\/v2\/product_tag?post=7398"}],"curies":[{"name":"wp","href":"https:\/\/api.w.org\/{rel}","templated":true}]}}