{"id":7404,"date":"2022-06-10T12:33:53","date_gmt":"2022-06-10T16:33:53","guid":{"rendered":"https:\/\/www.puralibertad.org\/?post_type=product&#038;p=7404"},"modified":"2024-11-06T23:04:12","modified_gmt":"2024-11-07T03:04:12","slug":"por-que-es-mejor-esperar-libro-fisico","status":"publish","type":"product","link":"https:\/\/www.puralibertad.org\/es\/producto\/por-que-es-mejor-esperar-libro-fisico\/","title":{"rendered":"\u00bfPor Qu\u00e9 Es Mejor Esperar?| Libro F\u00edsico"},"content":{"rendered":"<p>En\u00a0<em>\u00bfPor qu\u00e9 es mejor esperar?<\/em>\u00a0Dannah sigue el rastro de una antigua y provocativa palabra a trav\u00e9s de la Biblia para descubrir los pensamientos m\u00e1s profundos de Dios sobre el sexo. En estas p\u00e1ginas descubrir\u00e1s una verdad que cambia la vida de la que nadie habla, una verdad que transformar\u00e1 todo lo que crees saber sobre el sexo, el romance y Dios.<\/p>","protected":false},"excerpt":{"rendered":"excerpt","protected":false},"featured_media":7405,"comment_status":"open","ping_status":"closed","template":"","meta":{"_mi_skip_tracking":false,"_monsterinsights_sitenote_active":false,"_monsterinsights_sitenote_note":"","_monsterinsights_sitenote_category":0,"episode_type":"","audio_file":"","cover_image":"","cover_image_id":"","duration":"","filesize":"","date_recorded":"","explicit":"","block":"","filesize_raw":""},"product_cat":[64],"product_tag":[],"yoast_head":"<!-- This site is optimized with the Yoast SEO plugin v21.3 - https:\/\/yoast.com\/wordpress\/plugins\/seo\/ -->\n<title>\u00bfPor Qu\u00e9 Es Mejor Esperar?| Libro F\u00edsico - PURA LIBERTAD<\/title>\n<meta name=\"description\" content=\"En\u00a0\u00bfPor qu\u00e9 es mejor esperar?\u00a0Dannah Gresh sigue el rastro de una antigua y provocativa palabra a trav\u00e9s de la Biblia para descubrir los pensamientos m\u00e1s profundos de Dios sobre el sexo. En estas p\u00e1ginas descubrir\u00e1s una verdad que cambia la vida de la que nadie habla, una verdad que transformar\u00e1 todo lo que crees saber sobre el sexo, el romance y Dios.\" \/>\n<meta name=\"robots\" content=\"index, follow, max-snippet:-1, max-image-preview:large, max-video-preview:-1\" \/>\n<link rel=\"canonical\" href=\"https:\/\/www.puralibertad.org\/es\/producto\/por-que-es-mejor-esperar-libro-fisico\/\" \/>\n<meta property=\"og:locale\" content=\"es_ES\" \/>\n<meta property=\"og:type\" content=\"article\" \/>\n<meta property=\"og:title\" content=\"\u00bfPor Qu\u00e9 Es Mejor Esperar?| Libro F\u00edsico - PURA LIBERTAD\" \/>\n<meta property=\"og:description\" content=\"En\u00a0\u00bfPor qu\u00e9 es mejor esperar?\u00a0Dannah Gresh sigue el rastro de una antigua y provocativa palabra a trav\u00e9s de la Biblia para descubrir los pensamientos m\u00e1s profundos de Dios sobre el sexo. En estas p\u00e1ginas descubrir\u00e1s una verdad que cambia la vida de la que nadie habla, una verdad que transformar\u00e1 todo lo que crees saber sobre el sexo, el romance y Dios.\" \/>\n<meta property=\"og:url\" content=\"https:\/\/www.puralibertad.org\/es\/producto\/por-que-es-mejor-esperar-libro-fisico\/\" \/>\n<meta property=\"og:site_name\" content=\"PURA LIBERTAD\" \/>\n<meta property=\"article:modified_time\" content=\"2024-11-07T03:04:12+00:00\" \/>\n<meta property=\"og:image\" content=\"https:\/\/www.puralibertad.org\/wp-content\/uploads\/2022\/06\/Rose-Spainsh-600x460-1.jpg\" \/>\n\t<meta property=\"og:image:width\" content=\"600\" \/>\n\t<meta property=\"og:image:height\" content=\"460\" \/>\n\t<meta property=\"og:image:type\" content=\"image\/jpeg\" \/>\n<meta name=\"twitter:card\" content=\"summary_large_image\" \/>\n<meta name=\"twitter:label1\" content=\"Tiempo de lectura\" \/>\n\t<meta name=\"twitter:data1\" content=\"1 minuto\" \/>\n<script type=\"application\/ld+json\" class=\"yoast-schema-graph\">{\"@context\":\"https:\/\/schema.org\",\"@graph\":[{\"@type\":\"WebPage\",\"@id\":\"https:\/\/www.puralibertad.org\/es\/producto\/por-que-es-mejor-esperar-libro-fisico\/\",\"url\":\"https:\/\/www.puralibertad.org\/es\/producto\/por-que-es-mejor-esperar-libro-fisico\/\",\"name\":\"\u00bfPor Qu\u00e9 Es Mejor Esperar?| Libro F\u00edsico - PURA LIBERTAD\",\"isPartOf\":{\"@id\":\"https:\/\/www.puralibertad.org\/#website\"},\"datePublished\":\"2022-06-10T16:33:53+00:00\",\"dateModified\":\"2024-11-07T03:04:12+00:00\",\"description\":\"En\u00a0\u00bfPor qu\u00e9 es mejor esperar?\u00a0Dannah Gresh sigue el rastro de una antigua y provocativa palabra a trav\u00e9s de la Biblia para descubrir los pensamientos m\u00e1s profundos de Dios sobre el sexo. En estas p\u00e1ginas descubrir\u00e1s una verdad que cambia la vida de la que nadie habla, una verdad que transformar\u00e1 todo lo que crees saber sobre el sexo, el romance y Dios.\",\"breadcrumb\":{\"@id\":\"https:\/\/www.puralibertad.org\/es\/producto\/por-que-es-mejor-esperar-libro-fisico\/#breadcrumb\"},\"inLanguage\":\"es\",\"potentialAction\":[{\"@type\":\"ReadAction\",\"target\":[\"https:\/\/www.puralibertad.org\/es\/producto\/por-que-es-mejor-esperar-libro-fisico\/\"]}]},{\"@type\":\"BreadcrumbList\",\"@id\":\"https:\/\/www.puralibertad.org\/es\/producto\/por-que-es-mejor-esperar-libro-fisico\/#breadcrumb\",\"itemListElement\":[{\"@type\":\"ListItem\",\"position\":1,\"name\":\"Home\",\"item\":\"https:\/\/www.puralibertad.org\/\"},{\"@type\":\"ListItem\",\"position\":2,\"name\":\"\u00bfPor Qu\u00e9 Es Mejor Esperar?| Libro F\u00edsico\"}]},{\"@type\":\"WebSite\",\"@id\":\"https:\/\/www.puralibertad.org\/#website\",\"url\":\"https:\/\/www.puralibertad.org\/\",\"name\":\"PURA LIBERTAD\",\"description\":\"Blog\",\"potentialAction\":[{\"@type\":\"SearchAction\",\"target\":{\"@type\":\"EntryPoint\",\"urlTemplate\":\"https:\/\/www.puralibertad.org\/?s={search_term_string}\"},\"query-input\":\"required name=search_term_string\"}],\"inLanguage\":\"es\"}]}<\/script>\n<!-- \/ Yoast SEO plugin. -->","yoast_head_json":{"title":"\u00bfPor Qu\u00e9 Es Mejor Esperar?| Libro F\u00edsico - PURA LIBERTAD","description":"En\u00a0\u00bfPor qu\u00e9 es mejor esperar?\u00a0Dannah Gresh sigue el rastro de una antigua y provocativa palabra a trav\u00e9s de la Biblia para descubrir los pensamientos m\u00e1s profundos de Dios sobre el sexo. En estas p\u00e1ginas descubrir\u00e1s una verdad que cambia la vida de la que nadie habla, una verdad que transformar\u00e1 todo lo que crees saber sobre el sexo, el romance y Dios.","robots":{"index":"index","follow":"follow","max-snippet":"max-snippet:-1","max-image-preview":"max-image-preview:large","max-video-preview":"max-video-preview:-1"},"canonical":"https:\/\/www.puralibertad.org\/es\/producto\/por-que-es-mejor-esperar-libro-fisico\/","og_locale":"es_ES","og_type":"article","og_title":"\u00bfPor Qu\u00e9 Es Mejor Esperar?| Libro F\u00edsico - PURA LIBERTAD","og_description":"En\u00a0\u00bfPor qu\u00e9 es mejor esperar?\u00a0Dannah Gresh sigue el rastro de una antigua y provocativa palabra a trav\u00e9s de la Biblia para descubrir los pensamientos m\u00e1s profundos de Dios sobre el sexo. En estas p\u00e1ginas descubrir\u00e1s una verdad que cambia la vida de la que nadie habla, una verdad que transformar\u00e1 todo lo que crees saber sobre el sexo, el romance y Dios.","og_url":"https:\/\/www.puralibertad.org\/es\/producto\/por-que-es-mejor-esperar-libro-fisico\/","og_site_name":"PURA LIBERTAD","article_modified_time":"2024-11-07T03:04:12+00:00","og_image":[{"width":600,"height":460,"url":"https:\/\/www.puralibertad.org\/wp-content\/uploads\/2022\/06\/Rose-Spainsh-600x460-1.jpg","type":"image\/jpeg"}],"twitter_card":"summary_large_image","twitter_misc":{"Tiempo de lectura":"1 minuto"},"schema":{"@context":"https:\/\/schema.org","@graph":[{"@type":"WebPage","@id":"https:\/\/www.puralibertad.org\/es\/producto\/por-que-es-mejor-esperar-libro-fisico\/","url":"https:\/\/www.puralibertad.org\/es\/producto\/por-que-es-mejor-esperar-libro-fisico\/","name":"\u00bfPor Qu\u00e9 Es Mejor Esperar?| Libro F\u00edsico - PURA LIBERTAD","isPartOf":{"@id":"https:\/\/www.puralibertad.org\/#website"},"datePublished":"2022-06-10T16:33:53+00:00","dateModified":"2024-11-07T03:04:12+00:00","description":"En\u00a0\u00bfPor qu\u00e9 es mejor esperar?\u00a0Dannah Gresh sigue el rastro de una antigua y provocativa palabra a trav\u00e9s de la Biblia para descubrir los pensamientos m\u00e1s profundos de Dios sobre el sexo. En estas p\u00e1ginas descubrir\u00e1s una verdad que cambia la vida de la que nadie habla, una verdad que transformar\u00e1 todo lo que crees saber sobre el sexo, el romance y Dios.","breadcrumb":{"@id":"https:\/\/www.puralibertad.org\/es\/producto\/por-que-es-mejor-esperar-libro-fisico\/#breadcrumb"},"inLanguage":"es","potentialAction":[{"@type":"ReadAction","target":["https:\/\/www.puralibertad.org\/es\/producto\/por-que-es-mejor-esperar-libro-fisico\/"]}]},{"@type":"BreadcrumbList","@id":"https:\/\/www.puralibertad.org\/es\/producto\/por-que-es-mejor-esperar-libro-fisico\/#breadcrumb","itemListElement":[{"@type":"ListItem","position":1,"name":"Home","item":"https:\/\/www.puralibertad.org\/"},{"@type":"ListItem","position":2,"name":"\u00bfPor Qu\u00e9 Es Mejor Esperar?| Libro F\u00edsico"}]},{"@type":"WebSite","@id":"https:\/\/www.puralibertad.org\/#website","url":"https:\/\/www.puralibertad.org\/","name":"PURA LIBERTAD","description":"Blog","potentialAction":[{"@type":"SearchAction","target":{"@type":"EntryPoint","urlTemplate":"https:\/\/www.puralibertad.org\/?s={search_term_string}"},"query-input":"required name=search_term_string"}],"inLanguage":"es"}]}},"jetpack_sharing_enabled":true,"_links":{"self":[{"href":"https:\/\/www.puralibertad.org\/es\/wp-json\/wp\/v2\/product\/7404"}],"collection":[{"href":"https:\/\/www.puralibertad.org\/es\/wp-json\/wp\/v2\/product"}],"about":[{"href":"https:\/\/www.puralibertad.org\/es\/wp-json\/wp\/v2\/types\/product"}],"replies":[{"embeddable":true,"href":"https:\/\/www.puralibertad.org\/es\/wp-json\/wp\/v2\/comments?post=7404"}],"wp:featuredmedia":[{"embeddable":true,"href":"https:\/\/www.puralibertad.org\/es\/wp-json\/wp\/v2\/media\/7405"}],"wp:attachment":[{"href":"https:\/\/www.puralibertad.org\/es\/wp-json\/wp\/v2\/media?parent=7404"}],"wp:term":[{"taxonomy":"product_cat","embeddable":true,"href":"https:\/\/www.puralibertad.org\/es\/wp-json\/wp\/v2\/product_cat?post=7404"},{"taxonomy":"product_tag","embeddable":true,"href":"https:\/\/www.puralibertad.org\/es\/wp-json\/wp\/v2\/product_tag?post=7404"}],"curies":[{"name":"wp","href":"https:\/\/api.w.org\/{rel}","templated":true}]}}