{"id":7407,"date":"2022-06-10T12:47:24","date_gmt":"2022-06-10T16:47:24","guid":{"rendered":"https:\/\/www.puralibertad.org\/?post_type=product&#038;p=7407"},"modified":"2022-08-04T16:27:13","modified_gmt":"2022-08-04T20:27:13","slug":"seis-maneras-de-conservar-la-pequena-que-hay-en-tu-hija-guiando-a-tu-hija-de-la-preadolescencia-a-la-adolescencia","status":"publish","type":"product","link":"https:\/\/www.puralibertad.org\/es\/producto\/seis-maneras-de-conservar-la-pequena-que-hay-en-tu-hija-guiando-a-tu-hija-de-la-preadolescencia-a-la-adolescencia\/","title":{"rendered":"Seis Maneras de Conservar \u201cla Peque\u00f1a\u201d Que Hay en tu Hija: Guiando a tu Hija de la Preadolescencia a la Adolescencia"},"content":{"rendered":"<p>\u00bfEst\u00e1 creciendo demasiado r\u00e1pido tu hijita?<\/p>\n<p>\u00bfNecesitas ayuda para criar una hija segura, amorosa y confiada?<\/p>\n<p>El mundo de hoy presiona a las ni\u00f1as a crecer demasiado r\u00e1pido y a\u00fan no est\u00e1n listas para eso.<\/p>\n<p>\u00bfC\u00f3mo puedes ayudar a tu hija preadolescente a navegar por las turbulentas aguas de ese despertar hacia la atracci\u00f3n por los chicos, la modestia, la invasi\u00f3n de los medios de comunicaci\u00f3n, la Internet segura y m\u00e1s?<\/p>\n<p>\u00a1Lee este libro!<\/p>","protected":false},"excerpt":{"rendered":"excerpt","protected":false},"featured_media":7408,"comment_status":"open","ping_status":"closed","template":"","meta":{"_mi_skip_tracking":false,"_monsterinsights_sitenote_active":false,"_monsterinsights_sitenote_note":"","_monsterinsights_sitenote_category":0,"episode_type":"","audio_file":"","cover_image":"","cover_image_id":"","duration":"","filesize":"","date_recorded":"","explicit":"","block":"","filesize_raw":""},"product_cat":[64],"product_tag":[],"yoast_head":"<!-- This site is optimized with the Yoast SEO plugin v21.3 - https:\/\/yoast.com\/wordpress\/plugins\/seo\/ -->\n<title>Seis Maneras de Conservar \u201cla Peque\u00f1a\u201d Que Hay en tu Hija: Guiando a tu Hija de la Preadolescencia a la Adolescencia - PURA LIBERTAD<\/title>\n<meta name=\"description\" content=\"\u00bfC\u00f3mo puedes ayudar a tu hija preadolescente a navegar por las turbulentas aguas de ese despertar hacia la atracci\u00f3n por los chicos, la modestia, la invasi\u00f3n de los medios de comunicaci\u00f3n, la Internet segura y m\u00e1s?\" \/>\n<meta name=\"robots\" content=\"index, follow, max-snippet:-1, max-image-preview:large, max-video-preview:-1\" \/>\n<link rel=\"canonical\" href=\"https:\/\/www.puralibertad.org\/es\/producto\/seis-maneras-de-conservar-la-pequena-que-hay-en-tu-hija-guiando-a-tu-hija-de-la-preadolescencia-a-la-adolescencia\/\" \/>\n<meta property=\"og:locale\" content=\"es_ES\" \/>\n<meta property=\"og:type\" content=\"article\" \/>\n<meta property=\"og:title\" content=\"Seis Maneras de Conservar \u201cla Peque\u00f1a\u201d Que Hay en tu Hija: Guiando a tu Hija de la Preadolescencia a la Adolescencia - PURA LIBERTAD\" \/>\n<meta property=\"og:description\" content=\"\u00bfC\u00f3mo puedes ayudar a tu hija preadolescente a navegar por las turbulentas aguas de ese despertar hacia la atracci\u00f3n por los chicos, la modestia, la invasi\u00f3n de los medios de comunicaci\u00f3n, la Internet segura y m\u00e1s?\" \/>\n<meta property=\"og:url\" content=\"https:\/\/www.puralibertad.org\/es\/producto\/seis-maneras-de-conservar-la-pequena-que-hay-en-tu-hija-guiando-a-tu-hija-de-la-preadolescencia-a-la-adolescencia\/\" \/>\n<meta property=\"og:site_name\" content=\"PURA LIBERTAD\" \/>\n<meta property=\"article:modified_time\" content=\"2022-08-04T20:27:13+00:00\" \/>\n<meta property=\"og:image\" content=\"https:\/\/www.puralibertad.org\/wp-content\/uploads\/2022\/06\/6-ways-little-girl-600x460-1.jpg\" \/>\n\t<meta property=\"og:image:width\" content=\"600\" \/>\n\t<meta property=\"og:image:height\" content=\"460\" \/>\n\t<meta property=\"og:image:type\" content=\"image\/jpeg\" \/>\n<meta name=\"twitter:card\" content=\"summary_large_image\" \/>\n<script type=\"application\/ld+json\" class=\"yoast-schema-graph\">{\"@context\":\"https:\/\/schema.org\",\"@graph\":[{\"@type\":\"WebPage\",\"@id\":\"https:\/\/www.puralibertad.org\/es\/producto\/seis-maneras-de-conservar-la-pequena-que-hay-en-tu-hija-guiando-a-tu-hija-de-la-preadolescencia-a-la-adolescencia\/\",\"url\":\"https:\/\/www.puralibertad.org\/es\/producto\/seis-maneras-de-conservar-la-pequena-que-hay-en-tu-hija-guiando-a-tu-hija-de-la-preadolescencia-a-la-adolescencia\/\",\"name\":\"Seis Maneras de Conservar \u201cla Peque\u00f1a\u201d Que Hay en tu Hija: Guiando a tu Hija de la Preadolescencia a la Adolescencia - PURA LIBERTAD\",\"isPartOf\":{\"@id\":\"https:\/\/www.puralibertad.org\/#website\"},\"datePublished\":\"2022-06-10T16:47:24+00:00\",\"dateModified\":\"2022-08-04T20:27:13+00:00\",\"description\":\"\u00bfC\u00f3mo puedes ayudar a tu hija preadolescente a navegar por las turbulentas aguas de ese despertar hacia la atracci\u00f3n por los chicos, la modestia, la invasi\u00f3n de los medios de comunicaci\u00f3n, la Internet segura y m\u00e1s?\",\"breadcrumb\":{\"@id\":\"https:\/\/www.puralibertad.org\/es\/producto\/seis-maneras-de-conservar-la-pequena-que-hay-en-tu-hija-guiando-a-tu-hija-de-la-preadolescencia-a-la-adolescencia\/#breadcrumb\"},\"inLanguage\":\"es\",\"potentialAction\":[{\"@type\":\"ReadAction\",\"target\":[\"https:\/\/www.puralibertad.org\/es\/producto\/seis-maneras-de-conservar-la-pequena-que-hay-en-tu-hija-guiando-a-tu-hija-de-la-preadolescencia-a-la-adolescencia\/\"]}]},{\"@type\":\"BreadcrumbList\",\"@id\":\"https:\/\/www.puralibertad.org\/es\/producto\/seis-maneras-de-conservar-la-pequena-que-hay-en-tu-hija-guiando-a-tu-hija-de-la-preadolescencia-a-la-adolescencia\/#breadcrumb\",\"itemListElement\":[{\"@type\":\"ListItem\",\"position\":1,\"name\":\"Home\",\"item\":\"https:\/\/www.puralibertad.org\/\"},{\"@type\":\"ListItem\",\"position\":2,\"name\":\"Seis Maneras de Conservar \u201cla Peque\u00f1a\u201d Que Hay en tu Hija: Guiando a tu Hija de la Preadolescencia a la Adolescencia\"}]},{\"@type\":\"WebSite\",\"@id\":\"https:\/\/www.puralibertad.org\/#website\",\"url\":\"https:\/\/www.puralibertad.org\/\",\"name\":\"PURA LIBERTAD\",\"description\":\"Blog\",\"potentialAction\":[{\"@type\":\"SearchAction\",\"target\":{\"@type\":\"EntryPoint\",\"urlTemplate\":\"https:\/\/www.puralibertad.org\/?s={search_term_string}\"},\"query-input\":\"required name=search_term_string\"}],\"inLanguage\":\"es\"}]}<\/script>\n<!-- \/ Yoast SEO plugin. -->","yoast_head_json":{"title":"Seis Maneras de Conservar \u201cla Peque\u00f1a\u201d Que Hay en tu Hija: Guiando a tu Hija de la Preadolescencia a la Adolescencia - PURA LIBERTAD","description":"\u00bfC\u00f3mo puedes ayudar a tu hija preadolescente a navegar por las turbulentas aguas de ese despertar hacia la atracci\u00f3n por los chicos, la modestia, la invasi\u00f3n de los medios de comunicaci\u00f3n, la Internet segura y m\u00e1s?","robots":{"index":"index","follow":"follow","max-snippet":"max-snippet:-1","max-image-preview":"max-image-preview:large","max-video-preview":"max-video-preview:-1"},"canonical":"https:\/\/www.puralibertad.org\/es\/producto\/seis-maneras-de-conservar-la-pequena-que-hay-en-tu-hija-guiando-a-tu-hija-de-la-preadolescencia-a-la-adolescencia\/","og_locale":"es_ES","og_type":"article","og_title":"Seis Maneras de Conservar \u201cla Peque\u00f1a\u201d Que Hay en tu Hija: Guiando a tu Hija de la Preadolescencia a la Adolescencia - PURA LIBERTAD","og_description":"\u00bfC\u00f3mo puedes ayudar a tu hija preadolescente a navegar por las turbulentas aguas de ese despertar hacia la atracci\u00f3n por los chicos, la modestia, la invasi\u00f3n de los medios de comunicaci\u00f3n, la Internet segura y m\u00e1s?","og_url":"https:\/\/www.puralibertad.org\/es\/producto\/seis-maneras-de-conservar-la-pequena-que-hay-en-tu-hija-guiando-a-tu-hija-de-la-preadolescencia-a-la-adolescencia\/","og_site_name":"PURA LIBERTAD","article_modified_time":"2022-08-04T20:27:13+00:00","og_image":[{"width":600,"height":460,"url":"https:\/\/www.puralibertad.org\/wp-content\/uploads\/2022\/06\/6-ways-little-girl-600x460-1.jpg","type":"image\/jpeg"}],"twitter_card":"summary_large_image","schema":{"@context":"https:\/\/schema.org","@graph":[{"@type":"WebPage","@id":"https:\/\/www.puralibertad.org\/es\/producto\/seis-maneras-de-conservar-la-pequena-que-hay-en-tu-hija-guiando-a-tu-hija-de-la-preadolescencia-a-la-adolescencia\/","url":"https:\/\/www.puralibertad.org\/es\/producto\/seis-maneras-de-conservar-la-pequena-que-hay-en-tu-hija-guiando-a-tu-hija-de-la-preadolescencia-a-la-adolescencia\/","name":"Seis Maneras de Conservar \u201cla Peque\u00f1a\u201d Que Hay en tu Hija: Guiando a tu Hija de la Preadolescencia a la Adolescencia - PURA LIBERTAD","isPartOf":{"@id":"https:\/\/www.puralibertad.org\/#website"},"datePublished":"2022-06-10T16:47:24+00:00","dateModified":"2022-08-04T20:27:13+00:00","description":"\u00bfC\u00f3mo puedes ayudar a tu hija preadolescente a navegar por las turbulentas aguas de ese despertar hacia la atracci\u00f3n por los chicos, la modestia, la invasi\u00f3n de los medios de comunicaci\u00f3n, la Internet segura y m\u00e1s?","breadcrumb":{"@id":"https:\/\/www.puralibertad.org\/es\/producto\/seis-maneras-de-conservar-la-pequena-que-hay-en-tu-hija-guiando-a-tu-hija-de-la-preadolescencia-a-la-adolescencia\/#breadcrumb"},"inLanguage":"es","potentialAction":[{"@type":"ReadAction","target":["https:\/\/www.puralibertad.org\/es\/producto\/seis-maneras-de-conservar-la-pequena-que-hay-en-tu-hija-guiando-a-tu-hija-de-la-preadolescencia-a-la-adolescencia\/"]}]},{"@type":"BreadcrumbList","@id":"https:\/\/www.puralibertad.org\/es\/producto\/seis-maneras-de-conservar-la-pequena-que-hay-en-tu-hija-guiando-a-tu-hija-de-la-preadolescencia-a-la-adolescencia\/#breadcrumb","itemListElement":[{"@type":"ListItem","position":1,"name":"Home","item":"https:\/\/www.puralibertad.org\/"},{"@type":"ListItem","position":2,"name":"Seis Maneras de Conservar \u201cla Peque\u00f1a\u201d Que Hay en tu Hija: Guiando a tu Hija de la Preadolescencia a la Adolescencia"}]},{"@type":"WebSite","@id":"https:\/\/www.puralibertad.org\/#website","url":"https:\/\/www.puralibertad.org\/","name":"PURA LIBERTAD","description":"Blog","potentialAction":[{"@type":"SearchAction","target":{"@type":"EntryPoint","urlTemplate":"https:\/\/www.puralibertad.org\/?s={search_term_string}"},"query-input":"required name=search_term_string"}],"inLanguage":"es"}]}},"jetpack_sharing_enabled":true,"_links":{"self":[{"href":"https:\/\/www.puralibertad.org\/es\/wp-json\/wp\/v2\/product\/7407"}],"collection":[{"href":"https:\/\/www.puralibertad.org\/es\/wp-json\/wp\/v2\/product"}],"about":[{"href":"https:\/\/www.puralibertad.org\/es\/wp-json\/wp\/v2\/types\/product"}],"replies":[{"embeddable":true,"href":"https:\/\/www.puralibertad.org\/es\/wp-json\/wp\/v2\/comments?post=7407"}],"wp:featuredmedia":[{"embeddable":true,"href":"https:\/\/www.puralibertad.org\/es\/wp-json\/wp\/v2\/media\/7408"}],"wp:attachment":[{"href":"https:\/\/www.puralibertad.org\/es\/wp-json\/wp\/v2\/media?parent=7407"}],"wp:term":[{"taxonomy":"product_cat","embeddable":true,"href":"https:\/\/www.puralibertad.org\/es\/wp-json\/wp\/v2\/product_cat?post=7407"},{"taxonomy":"product_tag","embeddable":true,"href":"https:\/\/www.puralibertad.org\/es\/wp-json\/wp\/v2\/product_tag?post=7407"}],"curies":[{"name":"wp","href":"https:\/\/api.w.org\/{rel}","templated":true}]}}