{"id":7410,"date":"2022-06-10T12:53:01","date_gmt":"2022-06-10T16:53:01","guid":{"rendered":"https:\/\/www.puralibertad.org\/?post_type=product&#038;p=7410"},"modified":"2025-05-22T13:01:32","modified_gmt":"2025-05-22T17:01:32","slug":"seis-maneras-de-conservar-al-nino-bueno-que-hay-en-tu-hijo","status":"publish","type":"product","link":"https:\/\/www.puralibertad.org\/es\/producto\/seis-maneras-de-conservar-al-nino-bueno-que-hay-en-tu-hijo\/","title":{"rendered":"Seis maneras de conservar al ni\u00f1o bueno que hay en tu hijo"},"content":{"rendered":"<p>Finalmente, \u00a1un libro que trata de la relaci\u00f3n \u00fanica entre madre e hijo!<\/p>\n<p>Dios cre\u00f3 a los ni\u00f1os para que se conviertan en hombres buenos- que act\u00faen para el bien de otros y que tengan los intereses de otros, en el coraz\u00f3n, especialmente como esposos y como padres.<\/p>\n<p>Como mam\u00e1, tienes la tarea m\u00e1s importante de equipar a tu hijo para que abrace este llamado de Dios\u2026 y para que se sostenga en contra de una cultura que desea despojarlo de su masculinidad.<\/p>\n<p>&nbsp;<\/p>\n<p>\u00a1Tienes que leer este libro!<\/p>","protected":false},"excerpt":{"rendered":"excerpt","protected":false},"featured_media":7411,"comment_status":"open","ping_status":"closed","template":"","meta":{"_mi_skip_tracking":false,"_monsterinsights_sitenote_active":false,"_monsterinsights_sitenote_note":"","_monsterinsights_sitenote_category":0,"episode_type":"","audio_file":"","cover_image":"","cover_image_id":"","duration":"","filesize":"","date_recorded":"","explicit":"","block":"","filesize_raw":""},"product_cat":[64],"product_tag":[],"yoast_head":"<!-- This site is optimized with the Yoast SEO plugin v21.3 - https:\/\/yoast.com\/wordpress\/plugins\/seo\/ -->\n<title>Seis maneras de conservar al ni\u00f1o bueno que hay en tu hijo - PURA LIBERTAD<\/title>\n<meta name=\"description\" content=\"\u00a1Un libro que trata de la relaci\u00f3n \u00fanica entre madre e hijo! Dios cre\u00f3 a los ni\u00f1os para que se conviertan en hombres buenos- que act\u00faen para el bien de otros y que tengan los intereses de otros, en el coraz\u00f3n, especialmente como esposos y como padres.\" \/>\n<meta name=\"robots\" content=\"index, follow, max-snippet:-1, max-image-preview:large, max-video-preview:-1\" \/>\n<link rel=\"canonical\" href=\"https:\/\/www.puralibertad.org\/es\/producto\/seis-maneras-de-conservar-al-nino-bueno-que-hay-en-tu-hijo\/\" \/>\n<meta property=\"og:locale\" content=\"es_ES\" \/>\n<meta property=\"og:type\" content=\"article\" \/>\n<meta property=\"og:title\" content=\"Seis maneras de conservar al ni\u00f1o bueno que hay en tu hijo - PURA LIBERTAD\" \/>\n<meta property=\"og:description\" content=\"\u00a1Un libro que trata de la relaci\u00f3n \u00fanica entre madre e hijo! Dios cre\u00f3 a los ni\u00f1os para que se conviertan en hombres buenos- que act\u00faen para el bien de otros y que tengan los intereses de otros, en el coraz\u00f3n, especialmente como esposos y como padres.\" \/>\n<meta property=\"og:url\" content=\"https:\/\/www.puralibertad.org\/es\/producto\/seis-maneras-de-conservar-al-nino-bueno-que-hay-en-tu-hijo\/\" \/>\n<meta property=\"og:site_name\" content=\"PURA LIBERTAD\" \/>\n<meta property=\"article:modified_time\" content=\"2025-05-22T17:01:32+00:00\" \/>\n<meta property=\"og:image\" content=\"https:\/\/www.puralibertad.org\/wp-content\/uploads\/2022\/06\/6-ways-boy-600x460-1.jpg\" \/>\n\t<meta property=\"og:image:width\" content=\"600\" \/>\n\t<meta property=\"og:image:height\" content=\"460\" \/>\n\t<meta property=\"og:image:type\" content=\"image\/jpeg\" \/>\n<meta name=\"twitter:card\" content=\"summary_large_image\" \/>\n<meta name=\"twitter:label1\" content=\"Tiempo de lectura\" \/>\n\t<meta name=\"twitter:data1\" content=\"1 minuto\" \/>\n<script type=\"application\/ld+json\" class=\"yoast-schema-graph\">{\"@context\":\"https:\/\/schema.org\",\"@graph\":[{\"@type\":\"WebPage\",\"@id\":\"https:\/\/www.puralibertad.org\/product\/seis-maneras-de-conservar-al-nino-bueno-que-hay-en-tu-hijo\/\",\"url\":\"https:\/\/www.puralibertad.org\/product\/seis-maneras-de-conservar-al-nino-bueno-que-hay-en-tu-hijo\/\",\"name\":\"Seis maneras de conservar al ni\u00f1o bueno que hay en tu hijo - PURA LIBERTAD\",\"isPartOf\":{\"@id\":\"https:\/\/www.puralibertad.org\/#website\"},\"datePublished\":\"2022-06-10T16:53:01+00:00\",\"dateModified\":\"2025-05-22T17:01:32+00:00\",\"description\":\"\u00a1Un libro que trata de la relaci\u00f3n \u00fanica entre madre e hijo! Dios cre\u00f3 a los ni\u00f1os para que se conviertan en hombres buenos- que act\u00faen para el bien de otros y que tengan los intereses de otros, en el coraz\u00f3n, especialmente como esposos y como padres.\",\"breadcrumb\":{\"@id\":\"https:\/\/www.puralibertad.org\/product\/seis-maneras-de-conservar-al-nino-bueno-que-hay-en-tu-hijo\/#breadcrumb\"},\"inLanguage\":\"es\",\"potentialAction\":[{\"@type\":\"ReadAction\",\"target\":[\"https:\/\/www.puralibertad.org\/product\/seis-maneras-de-conservar-al-nino-bueno-que-hay-en-tu-hijo\/\"]}]},{\"@type\":\"BreadcrumbList\",\"@id\":\"https:\/\/www.puralibertad.org\/product\/seis-maneras-de-conservar-al-nino-bueno-que-hay-en-tu-hijo\/#breadcrumb\",\"itemListElement\":[{\"@type\":\"ListItem\",\"position\":1,\"name\":\"Home\",\"item\":\"https:\/\/www.puralibertad.org\/\"},{\"@type\":\"ListItem\",\"position\":2,\"name\":\"Seis maneras de conservar al ni\u00f1o bueno que hay en tu hijo\"}]},{\"@type\":\"WebSite\",\"@id\":\"https:\/\/www.puralibertad.org\/#website\",\"url\":\"https:\/\/www.puralibertad.org\/\",\"name\":\"PURA LIBERTAD\",\"description\":\"Blog\",\"potentialAction\":[{\"@type\":\"SearchAction\",\"target\":{\"@type\":\"EntryPoint\",\"urlTemplate\":\"https:\/\/www.puralibertad.org\/?s={search_term_string}\"},\"query-input\":\"required name=search_term_string\"}],\"inLanguage\":\"es\"}]}<\/script>\n<!-- \/ Yoast SEO plugin. -->","yoast_head_json":{"title":"Seis maneras de conservar al ni\u00f1o bueno que hay en tu hijo - PURA LIBERTAD","description":"\u00a1Un libro que trata de la relaci\u00f3n \u00fanica entre madre e hijo! Dios cre\u00f3 a los ni\u00f1os para que se conviertan en hombres buenos- que act\u00faen para el bien de otros y que tengan los intereses de otros, en el coraz\u00f3n, especialmente como esposos y como padres.","robots":{"index":"index","follow":"follow","max-snippet":"max-snippet:-1","max-image-preview":"max-image-preview:large","max-video-preview":"max-video-preview:-1"},"canonical":"https:\/\/www.puralibertad.org\/es\/producto\/seis-maneras-de-conservar-al-nino-bueno-que-hay-en-tu-hijo\/","og_locale":"es_ES","og_type":"article","og_title":"Seis maneras de conservar al ni\u00f1o bueno que hay en tu hijo - PURA LIBERTAD","og_description":"\u00a1Un libro que trata de la relaci\u00f3n \u00fanica entre madre e hijo! Dios cre\u00f3 a los ni\u00f1os para que se conviertan en hombres buenos- que act\u00faen para el bien de otros y que tengan los intereses de otros, en el coraz\u00f3n, especialmente como esposos y como padres.","og_url":"https:\/\/www.puralibertad.org\/es\/producto\/seis-maneras-de-conservar-al-nino-bueno-que-hay-en-tu-hijo\/","og_site_name":"PURA LIBERTAD","article_modified_time":"2025-05-22T17:01:32+00:00","og_image":[{"width":600,"height":460,"url":"https:\/\/www.puralibertad.org\/wp-content\/uploads\/2022\/06\/6-ways-boy-600x460-1.jpg","type":"image\/jpeg"}],"twitter_card":"summary_large_image","twitter_misc":{"Tiempo de lectura":"1 minuto"},"schema":{"@context":"https:\/\/schema.org","@graph":[{"@type":"WebPage","@id":"https:\/\/www.puralibertad.org\/product\/seis-maneras-de-conservar-al-nino-bueno-que-hay-en-tu-hijo\/","url":"https:\/\/www.puralibertad.org\/product\/seis-maneras-de-conservar-al-nino-bueno-que-hay-en-tu-hijo\/","name":"Seis maneras de conservar al ni\u00f1o bueno que hay en tu hijo - PURA LIBERTAD","isPartOf":{"@id":"https:\/\/www.puralibertad.org\/#website"},"datePublished":"2022-06-10T16:53:01+00:00","dateModified":"2025-05-22T17:01:32+00:00","description":"\u00a1Un libro que trata de la relaci\u00f3n \u00fanica entre madre e hijo! Dios cre\u00f3 a los ni\u00f1os para que se conviertan en hombres buenos- que act\u00faen para el bien de otros y que tengan los intereses de otros, en el coraz\u00f3n, especialmente como esposos y como padres.","breadcrumb":{"@id":"https:\/\/www.puralibertad.org\/product\/seis-maneras-de-conservar-al-nino-bueno-que-hay-en-tu-hijo\/#breadcrumb"},"inLanguage":"es","potentialAction":[{"@type":"ReadAction","target":["https:\/\/www.puralibertad.org\/product\/seis-maneras-de-conservar-al-nino-bueno-que-hay-en-tu-hijo\/"]}]},{"@type":"BreadcrumbList","@id":"https:\/\/www.puralibertad.org\/product\/seis-maneras-de-conservar-al-nino-bueno-que-hay-en-tu-hijo\/#breadcrumb","itemListElement":[{"@type":"ListItem","position":1,"name":"Home","item":"https:\/\/www.puralibertad.org\/"},{"@type":"ListItem","position":2,"name":"Seis maneras de conservar al ni\u00f1o bueno que hay en tu hijo"}]},{"@type":"WebSite","@id":"https:\/\/www.puralibertad.org\/#website","url":"https:\/\/www.puralibertad.org\/","name":"PURA LIBERTAD","description":"Blog","potentialAction":[{"@type":"SearchAction","target":{"@type":"EntryPoint","urlTemplate":"https:\/\/www.puralibertad.org\/?s={search_term_string}"},"query-input":"required name=search_term_string"}],"inLanguage":"es"}]}},"jetpack_sharing_enabled":true,"_links":{"self":[{"href":"https:\/\/www.puralibertad.org\/es\/wp-json\/wp\/v2\/product\/7410"}],"collection":[{"href":"https:\/\/www.puralibertad.org\/es\/wp-json\/wp\/v2\/product"}],"about":[{"href":"https:\/\/www.puralibertad.org\/es\/wp-json\/wp\/v2\/types\/product"}],"replies":[{"embeddable":true,"href":"https:\/\/www.puralibertad.org\/es\/wp-json\/wp\/v2\/comments?post=7410"}],"wp:featuredmedia":[{"embeddable":true,"href":"https:\/\/www.puralibertad.org\/es\/wp-json\/wp\/v2\/media\/7411"}],"wp:attachment":[{"href":"https:\/\/www.puralibertad.org\/es\/wp-json\/wp\/v2\/media?parent=7410"}],"wp:term":[{"taxonomy":"product_cat","embeddable":true,"href":"https:\/\/www.puralibertad.org\/es\/wp-json\/wp\/v2\/product_cat?post=7410"},{"taxonomy":"product_tag","embeddable":true,"href":"https:\/\/www.puralibertad.org\/es\/wp-json\/wp\/v2\/product_tag?post=7410"}],"curies":[{"name":"wp","href":"https:\/\/api.w.org\/{rel}","templated":true}]}}