{"id":9402,"date":"2024-08-26T12:13:26","date_gmt":"2024-08-26T16:13:26","guid":{"rendered":"https:\/\/www.puralibertad.org\/?post_type=product&#038;p=9402"},"modified":"2025-05-22T13:33:04","modified_gmt":"2025-05-22T17:33:04","slug":"maria-convirtiendote-en-una-chica-fiel","status":"publish","type":"product","link":"https:\/\/www.puralibertad.org\/es\/producto\/maria-convirtiendote-en-una-chica-fiel\/","title":{"rendered":"Estudio B\u00edblico Mar\u00eda: Convirtiendote en una chica fiel"},"content":{"rendered":"<p>Ense\u00f1ale a tu hija a ser fiel, en un mundo que le dice &#8221;haz lo que sientas hacer&#8221;<\/p>\n<p><strong>\u00a1Descubre la historia de Mar\u00eda de una manera completamente nueva!<\/strong><br \/>\nConozcan juntas la historia de Mar\u00eda y aprendan a ser fiel. Dios solo necesita a una chica com\u00fan y corriente que diga &#8220;\u00a1S\u00ed!&#8221;. T\u00fa hija adquirir\u00e1 habilidades de estudio de la palabra vitales para su vida. La frase del &#8220;Haz lo que sientas hacer&#8221; simplemente no funciona.<\/p>\n<p><strong>Esto es lo que aprender\u00e1n en el estudio b\u00edblico sobre Mar\u00eda<\/strong><\/p>\n<p>\u2705 \u00bfQu\u00e9 es la fidelidad?<\/p>\n<p>\u2705 Una chica fiel adora cuando siente quejarse.<\/p>\n<p>\u2705 Una chica fiel es obediente.<\/p>\n<p>\u2705 Una chica fiel se contenta con lo mucho o lo poco.<\/p>\n<p>\u2705 Una chica fiel cree que Dios proveer\u00e1.<\/p>\n<p>\u2705 Una chica fiel ama a Dios aun en momentos dif\u00edciles.<\/p>","protected":false},"excerpt":{"rendered":"excerpt","protected":false},"featured_media":9403,"comment_status":"open","ping_status":"closed","template":"","meta":{"_mi_skip_tracking":false,"_monsterinsights_sitenote_active":false,"_monsterinsights_sitenote_note":"","_monsterinsights_sitenote_category":0,"episode_type":"","audio_file":"","cover_image":"","cover_image_id":"","duration":"","filesize":"","date_recorded":"","explicit":"","block":"","filesize_raw":""},"product_cat":[71],"product_tag":[70],"yoast_head":"<!-- This site is optimized with the Yoast SEO plugin v21.3 - https:\/\/yoast.com\/wordpress\/plugins\/seo\/ -->\n<title>Estudio B\u00edblico Mar\u00eda: Convirtiendote en una chica fiel - PURA LIBERTAD<\/title>\n<meta name=\"description\" content=\"Conozcan juntas la historia de Mar\u00eda y aprendan a ser fiel. Dios solo necesita a una chica com\u00fan y corriente que diga &quot;\u00a1S\u00ed!&quot;.\" \/>\n<meta name=\"robots\" content=\"index, follow, max-snippet:-1, max-image-preview:large, max-video-preview:-1\" \/>\n<link rel=\"canonical\" href=\"https:\/\/www.puralibertad.org\/es\/producto\/maria-convirtiendote-en-una-chica-fiel\/\" \/>\n<meta property=\"og:locale\" content=\"es_ES\" \/>\n<meta property=\"og:type\" content=\"article\" \/>\n<meta property=\"og:title\" content=\"Estudio B\u00edblico Mar\u00eda: Convirtiendote en una chica fiel - PURA LIBERTAD\" \/>\n<meta property=\"og:description\" content=\"Conozcan juntas la historia de Mar\u00eda y aprendan a ser fiel. Dios solo necesita a una chica com\u00fan y corriente que diga &quot;\u00a1S\u00ed!&quot;.\" \/>\n<meta property=\"og:url\" content=\"https:\/\/www.puralibertad.org\/es\/producto\/maria-convirtiendote-en-una-chica-fiel\/\" \/>\n<meta property=\"og:site_name\" content=\"PURA LIBERTAD\" \/>\n<meta property=\"article:modified_time\" content=\"2025-05-22T17:33:04+00:00\" \/>\n<meta property=\"og:image\" content=\"https:\/\/www.puralibertad.org\/wp-content\/uploads\/2024\/08\/WhatsApp-Image-2024-08-26-at-10.33.15.jpeg\" \/>\n\t<meta property=\"og:image:width\" content=\"1179\" \/>\n\t<meta property=\"og:image:height\" content=\"1600\" \/>\n\t<meta property=\"og:image:type\" content=\"image\/jpeg\" \/>\n<meta name=\"twitter:card\" content=\"summary_large_image\" \/>\n<meta name=\"twitter:label1\" content=\"Tiempo de lectura\" \/>\n\t<meta name=\"twitter:data1\" content=\"1 minuto\" \/>\n<script type=\"application\/ld+json\" class=\"yoast-schema-graph\">{\"@context\":\"https:\/\/schema.org\",\"@graph\":[{\"@type\":\"WebPage\",\"@id\":\"https:\/\/www.puralibertad.org\/product\/maria-convirtiendote-en-una-chica-fiel\/\",\"url\":\"https:\/\/www.puralibertad.org\/product\/maria-convirtiendote-en-una-chica-fiel\/\",\"name\":\"Estudio B\u00edblico Mar\u00eda: Convirtiendote en una chica fiel - PURA LIBERTAD\",\"isPartOf\":{\"@id\":\"https:\/\/www.puralibertad.org\/#website\"},\"datePublished\":\"2024-08-26T16:13:26+00:00\",\"dateModified\":\"2025-05-22T17:33:04+00:00\",\"description\":\"Conozcan juntas la historia de Mar\u00eda y aprendan a ser fiel. Dios solo necesita a una chica com\u00fan y corriente que diga \\\"\u00a1S\u00ed!\\\".\",\"breadcrumb\":{\"@id\":\"https:\/\/www.puralibertad.org\/product\/maria-convirtiendote-en-una-chica-fiel\/#breadcrumb\"},\"inLanguage\":\"es\",\"potentialAction\":[{\"@type\":\"ReadAction\",\"target\":[\"https:\/\/www.puralibertad.org\/product\/maria-convirtiendote-en-una-chica-fiel\/\"]}]},{\"@type\":\"BreadcrumbList\",\"@id\":\"https:\/\/www.puralibertad.org\/product\/maria-convirtiendote-en-una-chica-fiel\/#breadcrumb\",\"itemListElement\":[{\"@type\":\"ListItem\",\"position\":1,\"name\":\"Home\",\"item\":\"https:\/\/www.puralibertad.org\/\"},{\"@type\":\"ListItem\",\"position\":2,\"name\":\"Estudio B\u00edblico Mar\u00eda: Convirtiendote en una chica fiel\"}]},{\"@type\":\"WebSite\",\"@id\":\"https:\/\/www.puralibertad.org\/#website\",\"url\":\"https:\/\/www.puralibertad.org\/\",\"name\":\"PURA LIBERTAD\",\"description\":\"Blog\",\"potentialAction\":[{\"@type\":\"SearchAction\",\"target\":{\"@type\":\"EntryPoint\",\"urlTemplate\":\"https:\/\/www.puralibertad.org\/?s={search_term_string}\"},\"query-input\":\"required name=search_term_string\"}],\"inLanguage\":\"es\"}]}<\/script>\n<!-- \/ Yoast SEO plugin. -->","yoast_head_json":{"title":"Estudio B\u00edblico Mar\u00eda: Convirtiendote en una chica fiel - PURA LIBERTAD","description":"Conozcan juntas la historia de Mar\u00eda y aprendan a ser fiel. Dios solo necesita a una chica com\u00fan y corriente que diga \"\u00a1S\u00ed!\".","robots":{"index":"index","follow":"follow","max-snippet":"max-snippet:-1","max-image-preview":"max-image-preview:large","max-video-preview":"max-video-preview:-1"},"canonical":"https:\/\/www.puralibertad.org\/es\/producto\/maria-convirtiendote-en-una-chica-fiel\/","og_locale":"es_ES","og_type":"article","og_title":"Estudio B\u00edblico Mar\u00eda: Convirtiendote en una chica fiel - PURA LIBERTAD","og_description":"Conozcan juntas la historia de Mar\u00eda y aprendan a ser fiel. Dios solo necesita a una chica com\u00fan y corriente que diga \"\u00a1S\u00ed!\".","og_url":"https:\/\/www.puralibertad.org\/es\/producto\/maria-convirtiendote-en-una-chica-fiel\/","og_site_name":"PURA LIBERTAD","article_modified_time":"2025-05-22T17:33:04+00:00","og_image":[{"width":1179,"height":1600,"url":"https:\/\/www.puralibertad.org\/wp-content\/uploads\/2024\/08\/WhatsApp-Image-2024-08-26-at-10.33.15.jpeg","type":"image\/jpeg"}],"twitter_card":"summary_large_image","twitter_misc":{"Tiempo de lectura":"1 minuto"},"schema":{"@context":"https:\/\/schema.org","@graph":[{"@type":"WebPage","@id":"https:\/\/www.puralibertad.org\/product\/maria-convirtiendote-en-una-chica-fiel\/","url":"https:\/\/www.puralibertad.org\/product\/maria-convirtiendote-en-una-chica-fiel\/","name":"Estudio B\u00edblico Mar\u00eda: Convirtiendote en una chica fiel - PURA LIBERTAD","isPartOf":{"@id":"https:\/\/www.puralibertad.org\/#website"},"datePublished":"2024-08-26T16:13:26+00:00","dateModified":"2025-05-22T17:33:04+00:00","description":"Conozcan juntas la historia de Mar\u00eda y aprendan a ser fiel. Dios solo necesita a una chica com\u00fan y corriente que diga \"\u00a1S\u00ed!\".","breadcrumb":{"@id":"https:\/\/www.puralibertad.org\/product\/maria-convirtiendote-en-una-chica-fiel\/#breadcrumb"},"inLanguage":"es","potentialAction":[{"@type":"ReadAction","target":["https:\/\/www.puralibertad.org\/product\/maria-convirtiendote-en-una-chica-fiel\/"]}]},{"@type":"BreadcrumbList","@id":"https:\/\/www.puralibertad.org\/product\/maria-convirtiendote-en-una-chica-fiel\/#breadcrumb","itemListElement":[{"@type":"ListItem","position":1,"name":"Home","item":"https:\/\/www.puralibertad.org\/"},{"@type":"ListItem","position":2,"name":"Estudio B\u00edblico Mar\u00eda: Convirtiendote en una chica fiel"}]},{"@type":"WebSite","@id":"https:\/\/www.puralibertad.org\/#website","url":"https:\/\/www.puralibertad.org\/","name":"PURA LIBERTAD","description":"Blog","potentialAction":[{"@type":"SearchAction","target":{"@type":"EntryPoint","urlTemplate":"https:\/\/www.puralibertad.org\/?s={search_term_string}"},"query-input":"required name=search_term_string"}],"inLanguage":"es"}]}},"jetpack_sharing_enabled":true,"_links":{"self":[{"href":"https:\/\/www.puralibertad.org\/es\/wp-json\/wp\/v2\/product\/9402"}],"collection":[{"href":"https:\/\/www.puralibertad.org\/es\/wp-json\/wp\/v2\/product"}],"about":[{"href":"https:\/\/www.puralibertad.org\/es\/wp-json\/wp\/v2\/types\/product"}],"replies":[{"embeddable":true,"href":"https:\/\/www.puralibertad.org\/es\/wp-json\/wp\/v2\/comments?post=9402"}],"wp:featuredmedia":[{"embeddable":true,"href":"https:\/\/www.puralibertad.org\/es\/wp-json\/wp\/v2\/media\/9403"}],"wp:attachment":[{"href":"https:\/\/www.puralibertad.org\/es\/wp-json\/wp\/v2\/media?parent=9402"}],"wp:term":[{"taxonomy":"product_cat","embeddable":true,"href":"https:\/\/www.puralibertad.org\/es\/wp-json\/wp\/v2\/product_cat?post=9402"},{"taxonomy":"product_tag","embeddable":true,"href":"https:\/\/www.puralibertad.org\/es\/wp-json\/wp\/v2\/product_tag?post=9402"}],"curies":[{"name":"wp","href":"https:\/\/api.w.org\/{rel}","templated":true}]}}